{"id":3,"date":"2022-02-18T09:19:17","date_gmt":"2022-02-18T09:19:17","guid":{"rendered":"https:\/\/pyrenaica.emf.eus\/?page_id=3"},"modified":"2022-05-06T09:50:34","modified_gmt":"2022-05-06T07:50:34","slug":"politica-de-privacidad","status":"publish","type":"page","link":"https:\/\/pyrenaica.emf.eus\/es\/politica-de-privacidad\/","title":{"rendered":"Aviso legal y Pol\u00edtica de Privacidad"},"content":{"rendered":"<p><strong>INFORMACI\u00d3N LEGAL LSSIYCE<\/strong><\/p>\n<p>De acuerdo con las obligaciones previstas en la Ley 34\/2002, de servicios de la Sociedad de la Informaci\u00f3n y del comercio electr\u00f3nico (en adelante LSSIYCE), manifiesta que el dominio www.pyrenaica.com es\u00a0 propiedad de FEDERACI\u00d3N VASCA DE MONTA\u00d1A, con CIF G20126447, y domicilio en PASEO DE ERROTABURU 1 \u2013 3\u00ba, 20018 DONOSTIA (GIPUZKOA).<\/p>\n<p>Que FEDERACI\u00d3N VASCA DE MONTA\u00d1A consta inscrita en el Registro de Entidades Deportivas del Pa\u00eds Vasco.<\/p>\n<p>FEDERACI\u00d3N VASCA DE MONTA\u00d1A no puede asumir ninguna responsabilidad derivada del uso incorrecto, inapropiado o il\u00edcito de la informaci\u00f3n aparecida en sus p\u00e1ginas.<\/p>\n<p>Con los l\u00edmites establecidos en la ley, FEDERACI\u00d3N VASCA DE MONTA\u00d1A no asume ninguna responsabilidad derivada de la falta de veracidad, integridad, actualizaci\u00f3n y precisi\u00f3n de los datos o informaciones que se contienen en sus p\u00e1ginas de Internet. Los contenidos e informaci\u00f3n de las p\u00e1ginas de Internet de FEDERACI\u00d3N VASCA DE MONTA\u00d1A est\u00e1n elaborados por profesionales debidamente cualificados para el<br \/>\nejercicio de su profesi\u00f3n. Sin embargo, los contenidos e informaci\u00f3n no vinculan a la susodicha, ni constituyen opiniones, consejos o asesoramiento legal de ning\u00fan tipo, pues se trata meramente de un servicio ofrecido con car\u00e1cter informativo y divulgativo.<\/p>\n<p>Las p\u00e1ginas de Internet de FEDERACI\u00d3N VASCA DE MONTA\u00d1A pueden contener enlaces (links) a otras p\u00e1ginas de terceras. Por lo tanto, \u00e9sta no puede asumir responsabilidades por el contenido que pueda aparecer en p\u00e1ginas de terceros. Los textos, im\u00e1genes, sonidos, animaciones, software y el resto de contenidos incluidos en este website son propiedad exclusiva de FEDERACI\u00d3N VASCA DE MONTA\u00d1A o sus licenciantes. Cualquier acto de transmisi\u00f3n, distribuci\u00f3n, cesi\u00f3n, reproducci\u00f3n, almacenamiento o comunicaci\u00f3n p\u00fablica total o parcial, debe contar con el consentimiento expreso de FEDERACI\u00d3N VASCA DE MONTA\u00d1A.<\/p>\n<p><strong>PROTECCI\u00d3N DE DATOS PERSONALES<\/strong><\/p>\n<p>En virtud de la normativa de Protecci\u00f3n de Datos de Car\u00e1cter Personal, por la presente autoriza a que los datos personales facilitados sean incorporados en un fichero denominado Contactos responsabilidad de FEDERACI\u00d3N VASCA DE MONTA\u00d1A, CIF: G20126447 y sede social en PASEO DE ERROTABURU, 1 \u2013 3\u00aa, 20018 DONOSTIA (GIPUZKOA).<\/p>\n<p>La finalidad de este tratamiento es la gesti\u00f3n y control del correo electr\u00f3nico as\u00ed como la agenda de contactos y atender su petici\u00f3n. Estos datos no ser\u00e1n transmitidos a terceras personas y ser\u00e1n conservados siempre que sea imprescindible o leg\u00edtimo por la finalidad que se captaron.<\/p>\n<p>En cualquier caso podr\u00e1 indicar la revocaci\u00f3n del consentimiento otorgado, as\u00ed como ejercitar los derechos de acceso, rectificaci\u00f3n o supresi\u00f3n, la limitaci\u00f3n del tratamiento u oponerse, as\u00ed como el derecho a la portabilidad de los datos. Estas peticiones ser\u00e1 necesario que se realicen en PASEO DE ERROTABURU, 1 \u2013 3\u00aa, 20018 DONOSTIA (GIPUZKOA) o bien enviando un correo electr\u00f3nico a: administrazioa@emf-fvm.com Asimismo podr\u00e1 presentar una reclamaci\u00f3n ante la Agencia Espa\u00f1ola de Protecci\u00f3n de Datos o bien ponerse en contacto con el Delegado de Protecci\u00f3n de Datos en: dpd@europeanconsulting.org<\/p>\n<p><strong>PROPIEDAD INDUSTRIAL E INTELECTUAL<\/strong><\/p>\n<p>Esta web es propiedad de FEDERACI\u00d3N VASCA DE MONTA\u00d1A. Los derechos de Propiedad Intelectual y derechos de explotaci\u00f3n y reproducci\u00f3n de esta web, de sus p\u00e1ginas, pantallas, la Informaci\u00f3n que contienen, su apariencia y dise\u00f1o, as\u00ed como los v\u00ednculos (\u00abhiperlinks\u00bb) que se establezcan desde ella a otras p\u00e1ginas web de cualquier sociedad filial y\/o dominada de FEDERACI\u00d3N VASCA DE MONTA\u00d1A, son propiedad exclusiva de \u00e9sta, salvo que expresamente se especifique otra cosa.<\/p>\n<p>Cualquier denominaci\u00f3n, dise\u00f1o y\/o logotipo, as\u00ed como cualquier producto o servicio ofrecidos y reflejados en esta p\u00e1gina web, son marcas debidamente registradas por FEDERACI\u00d3N VASCA DE MONTA\u00d1A, por sus sociedades filiales y\/o dominadas o por terceros.<\/p>\n<p>Cualquier uso indebido de las mismas por personas diferentes de su leg\u00edtimo titular y sin el consentimiento expreso e inequ\u00edvoco por parte de \u00e9ste podr\u00e1 ser denunciado y perseguido a trav\u00e9s de todos los medio legales existentes en el Ordenamiento Jur\u00eddico espa\u00f1ol y\/o comunitario.<\/p>\n<p>Los derechos de propiedad intelectual y marcas de terceros est\u00e1n destacados convenientemente y deben ser respetados por todo aqu\u00e9l que acceda a esta p\u00e1gina, no siendo responsabilidad de FEDERACI\u00d3N VASCA DE MONTA\u00d1A el uso que EL USUARIO pueda llevar a cabo al respecto, recayendo la responsabilidad exclusiva en su persona. S\u00f3lo para uso personal y privado se permite descargar los contenidos, copiar o imprimir cualquier p\u00e1gina de esta web. Queda prohibido reproducir, transmitir, modificar o suprimir la informaci\u00f3n, contenido o advertencias de esta web sin la previa autorizaci\u00f3n por escrito de FEDERACI\u00d3N VASCA DE MONTA\u00d1A.<\/p>\n<p>FEDERACI\u00d3N VASCA DE MONTA\u00d1A no transfiere a los usuarios la propiedad de su software. El usuario es el propietario del soporte en el cual el software es grabado. FEDERACI\u00d3N VASCA DE MONTA\u00d1A posee todos los derechos de propiedad industrial e intelectual, incluyendo el software. Si el usuario transfiere el software de este website a su terminal, no podr\u00e1 diseccionar para su estudio y descompilar, traducir la versi\u00f3n del c\u00f3digo objeto original o su lenguaje a otro c\u00f3digo o lenguaje.<\/p>\n<p><strong>LEY APLICABLE Y JURISDICCI\u00d3N<\/strong><\/p>\n<p>Las presentes condiciones generales se rigen por la Legislaci\u00f3n espa\u00f1ola, siendo competentes los Juzgados y Tribunales espa\u00f1oles para conocer de cuantas cuestiones se susciten sobre la interpretaci\u00f3n, aplicaci\u00f3n e cumplimiento de las mismas. EL USUARIO, por virtud de su aceptaci\u00f3n a las condiciones generales recogidas en este aviso legal, renuncia expresamente a cualquier fuero que, por aplicaci\u00f3n de la Ley de Enjuiciamiento Civil vigente pudiera corresponderle.<\/p>\n","protected":false},"excerpt":{"rendered":"<p>INFORMACI\u00d3N LEGAL LSSIYCE De acuerdo con las obligaciones previstas en la Ley 34\/2002, de servicios de la Sociedad de la Informaci\u00f3n y del comercio electr\u00f3nico (en adelante LSSIYCE), manifiesta que el dominio www.pyrenaica.com es\u00a0 propiedad de FEDERACI\u00d3N VASCA DE MONTA\u00d1A, con CIF G20126447, y domicilio en PASEO DE ERROTABURU 1 \u2013 3\u00ba, 20018 DONOSTIA (GIPUZKOA). [&hellip;]<\/p>\n","protected":false},"author":1,"featured_media":0,"parent":0,"menu_order":0,"comment_status":"closed","ping_status":"closed","template":"","meta":{"_acf_changed":false,"footnotes":""},"class_list":["post-3","page","type-page","status-publish","hentry"],"acf":[],"yoast_head":"<!-- This site is optimized with the Yoast SEO plugin v27.4 - https:\/\/yoast.com\/product\/yoast-seo-wordpress\/ -->\n<title>Aviso legal y Pol\u00edtica de Privacidad - Pyrenaica Aldizkaria<\/title>\n<meta name=\"robots\" content=\"index, follow, max-snippet:-1, max-image-preview:large, max-video-preview:-1\" \/>\n<link rel=\"canonical\" href=\"https:\/\/pyrenaica.emf.eus\/es\/politica-de-privacidad\/\" \/>\n<meta property=\"og:locale\" content=\"es_ES\" \/>\n<meta property=\"og:type\" content=\"article\" \/>\n<meta property=\"og:title\" content=\"Aviso legal y Pol\u00edtica de Privacidad - Pyrenaica Aldizkaria\" \/>\n<meta property=\"og:description\" content=\"INFORMACI\u00d3N LEGAL LSSIYCE De acuerdo con las obligaciones previstas en la Ley 34\/2002, de servicios de la Sociedad de la Informaci\u00f3n y del comercio electr\u00f3nico (en adelante LSSIYCE), manifiesta que el dominio www.pyrenaica.com es\u00a0 propiedad de FEDERACI\u00d3N VASCA DE MONTA\u00d1A, con CIF G20126447, y domicilio en PASEO DE ERROTABURU 1 \u2013 3\u00ba, 20018 DONOSTIA (GIPUZKOA). [&hellip;]\" \/>\n<meta property=\"og:url\" content=\"https:\/\/pyrenaica.emf.eus\/es\/politica-de-privacidad\/\" \/>\n<meta property=\"og:site_name\" content=\"Pyrenaica Aldizkaria\" \/>\n<meta property=\"article:modified_time\" content=\"2022-05-06T07:50:34+00:00\" \/>\n<meta name=\"twitter:card\" content=\"summary_large_image\" \/>\n<meta name=\"twitter:label1\" content=\"Tiempo de lectura\" \/>\n\t<meta name=\"twitter:data1\" content=\"5 minutos\" \/>\n<script type=\"application\/ld+json\" class=\"yoast-schema-graph\">{\"@context\":\"https:\\\/\\\/schema.org\",\"@graph\":[{\"@type\":\"WebPage\",\"@id\":\"https:\\\/\\\/pyrenaica.emf.eus\\\/es\\\/politica-de-privacidad\\\/\",\"url\":\"https:\\\/\\\/pyrenaica.emf.eus\\\/es\\\/politica-de-privacidad\\\/\",\"name\":\"Aviso legal y Pol\u00edtica de Privacidad - Pyrenaica Aldizkaria\",\"isPartOf\":{\"@id\":\"https:\\\/\\\/pyrenaica.emf.eus\\\/es\\\/#website\"},\"datePublished\":\"2022-02-18T09:19:17+00:00\",\"dateModified\":\"2022-05-06T07:50:34+00:00\",\"breadcrumb\":{\"@id\":\"https:\\\/\\\/pyrenaica.emf.eus\\\/es\\\/politica-de-privacidad\\\/#breadcrumb\"},\"inLanguage\":\"es\",\"potentialAction\":[{\"@type\":\"ReadAction\",\"target\":[\"https:\\\/\\\/pyrenaica.emf.eus\\\/es\\\/politica-de-privacidad\\\/\"]}]},{\"@type\":\"BreadcrumbList\",\"@id\":\"https:\\\/\\\/pyrenaica.emf.eus\\\/es\\\/politica-de-privacidad\\\/#breadcrumb\",\"itemListElement\":[{\"@type\":\"ListItem\",\"position\":1,\"name\":\"Home\",\"item\":\"https:\\\/\\\/pyrenaica.emf.eus\\\/es\\\/\"},{\"@type\":\"ListItem\",\"position\":2,\"name\":\"Aviso legal y Pol\u00edtica de Privacidad\"}]},{\"@type\":\"WebSite\",\"@id\":\"https:\\\/\\\/pyrenaica.emf.eus\\\/es\\\/#website\",\"url\":\"https:\\\/\\\/pyrenaica.emf.eus\\\/es\\\/\",\"name\":\"Pyrenaica Aldizkaria\",\"description\":\"Euskal Mendizale Federazioa\",\"potentialAction\":[{\"@type\":\"SearchAction\",\"target\":{\"@type\":\"EntryPoint\",\"urlTemplate\":\"https:\\\/\\\/pyrenaica.emf.eus\\\/es\\\/?s={search_term_string}\"},\"query-input\":{\"@type\":\"PropertyValueSpecification\",\"valueRequired\":true,\"valueName\":\"search_term_string\"}}],\"inLanguage\":\"es\"}]}<\/script>\n<!-- \/ Yoast SEO plugin. -->","yoast_head_json":{"title":"Aviso legal y Pol\u00edtica de Privacidad - Pyrenaica Aldizkaria","robots":{"index":"index","follow":"follow","max-snippet":"max-snippet:-1","max-image-preview":"max-image-preview:large","max-video-preview":"max-video-preview:-1"},"canonical":"https:\/\/pyrenaica.emf.eus\/es\/politica-de-privacidad\/","og_locale":"es_ES","og_type":"article","og_title":"Aviso legal y Pol\u00edtica de Privacidad - Pyrenaica Aldizkaria","og_description":"INFORMACI\u00d3N LEGAL LSSIYCE De acuerdo con las obligaciones previstas en la Ley 34\/2002, de servicios de la Sociedad de la Informaci\u00f3n y del comercio electr\u00f3nico (en adelante LSSIYCE), manifiesta que el dominio www.pyrenaica.com es\u00a0 propiedad de FEDERACI\u00d3N VASCA DE MONTA\u00d1A, con CIF G20126447, y domicilio en PASEO DE ERROTABURU 1 \u2013 3\u00ba, 20018 DONOSTIA (GIPUZKOA). [&hellip;]","og_url":"https:\/\/pyrenaica.emf.eus\/es\/politica-de-privacidad\/","og_site_name":"Pyrenaica Aldizkaria","article_modified_time":"2022-05-06T07:50:34+00:00","twitter_card":"summary_large_image","twitter_misc":{"Tiempo de lectura":"5 minutos"},"schema":{"@context":"https:\/\/schema.org","@graph":[{"@type":"WebPage","@id":"https:\/\/pyrenaica.emf.eus\/es\/politica-de-privacidad\/","url":"https:\/\/pyrenaica.emf.eus\/es\/politica-de-privacidad\/","name":"Aviso legal y Pol\u00edtica de Privacidad - Pyrenaica Aldizkaria","isPartOf":{"@id":"https:\/\/pyrenaica.emf.eus\/es\/#website"},"datePublished":"2022-02-18T09:19:17+00:00","dateModified":"2022-05-06T07:50:34+00:00","breadcrumb":{"@id":"https:\/\/pyrenaica.emf.eus\/es\/politica-de-privacidad\/#breadcrumb"},"inLanguage":"es","potentialAction":[{"@type":"ReadAction","target":["https:\/\/pyrenaica.emf.eus\/es\/politica-de-privacidad\/"]}]},{"@type":"BreadcrumbList","@id":"https:\/\/pyrenaica.emf.eus\/es\/politica-de-privacidad\/#breadcrumb","itemListElement":[{"@type":"ListItem","position":1,"name":"Home","item":"https:\/\/pyrenaica.emf.eus\/es\/"},{"@type":"ListItem","position":2,"name":"Aviso legal y Pol\u00edtica de Privacidad"}]},{"@type":"WebSite","@id":"https:\/\/pyrenaica.emf.eus\/es\/#website","url":"https:\/\/pyrenaica.emf.eus\/es\/","name":"Pyrenaica Aldizkaria","description":"Euskal Mendizale Federazioa","potentialAction":[{"@type":"SearchAction","target":{"@type":"EntryPoint","urlTemplate":"https:\/\/pyrenaica.emf.eus\/es\/?s={search_term_string}"},"query-input":{"@type":"PropertyValueSpecification","valueRequired":true,"valueName":"search_term_string"}}],"inLanguage":"es"}]}},"_links":{"self":[{"href":"https:\/\/pyrenaica.emf.eus\/es\/wp-json\/wp\/v2\/pages\/3","targetHints":{"allow":["GET"]}}],"collection":[{"href":"https:\/\/pyrenaica.emf.eus\/es\/wp-json\/wp\/v2\/pages"}],"about":[{"href":"https:\/\/pyrenaica.emf.eus\/es\/wp-json\/wp\/v2\/types\/page"}],"author":[{"embeddable":true,"href":"https:\/\/pyrenaica.emf.eus\/es\/wp-json\/wp\/v2\/users\/1"}],"replies":[{"embeddable":true,"href":"https:\/\/pyrenaica.emf.eus\/es\/wp-json\/wp\/v2\/comments?post=3"}],"version-history":[{"count":6,"href":"https:\/\/pyrenaica.emf.eus\/es\/wp-json\/wp\/v2\/pages\/3\/revisions"}],"predecessor-version":[{"id":1219,"href":"https:\/\/pyrenaica.emf.eus\/es\/wp-json\/wp\/v2\/pages\/3\/revisions\/1219"}],"wp:attachment":[{"href":"https:\/\/pyrenaica.emf.eus\/es\/wp-json\/wp\/v2\/media?parent=3"}],"curies":[{"name":"wp","href":"https:\/\/api.w.org\/{rel}","templated":true}]}}