{"id":2,"date":"2022-02-18T09:19:17","date_gmt":"2022-02-18T09:19:17","guid":{"rendered":"https:\/\/pyrenaica.emf.eus\/?page_id=2"},"modified":"2022-05-25T11:27:14","modified_gmt":"2022-05-25T09:27:14","slug":"sample-page","status":"publish","type":"page","link":"https:\/\/pyrenaica.emf.eus\/es\/","title":{"rendered":"Pyrenaica"},"content":{"rendered":"","protected":false},"excerpt":{"rendered":"","protected":false},"author":1,"featured_media":0,"parent":0,"menu_order":0,"comment_status":"closed","ping_status":"closed","template":"template-homepage.php","meta":{"_acf_changed":false,"footnotes":""},"class_list":["post-2","page","type-page","status-publish","hentry"],"acf":[],"yoast_head":"<!-- This site is optimized with the Yoast SEO plugin v27.3 - https:\/\/yoast.com\/product\/yoast-seo-wordpress\/ -->\n<title>Pyrenaica: revista de la federaci\u00f3n vasca de monta\u00f1a<\/title>\n<meta name=\"description\" content=\"Pyrenaica es la revista oficial de la Federaci\u00f3n Vasca de Monta\u00f1a que se publica desde 1926. Dispone de una valiosa HEMEROTECA online.\" \/>\n<meta name=\"robots\" content=\"index, follow, max-snippet:-1, max-image-preview:large, max-video-preview:-1\" \/>\n<link rel=\"canonical\" href=\"https:\/\/pyrenaica.emf.eus\/es\/\" \/>\n<meta property=\"og:locale\" content=\"es_ES\" \/>\n<meta property=\"og:type\" content=\"article\" \/>\n<meta property=\"og:title\" content=\"Pyrenaica: revista de la federaci\u00f3n vasca de monta\u00f1a\" \/>\n<meta property=\"og:description\" content=\"Pyrenaica es la revista oficial de la Federaci\u00f3n Vasca de Monta\u00f1a que se publica desde 1926. Dispone de una valiosa HEMEROTECA online.\" \/>\n<meta property=\"og:url\" content=\"https:\/\/pyrenaica.emf.eus\/es\/\" \/>\n<meta property=\"og:site_name\" content=\"Pyrenaica Aldizkaria\" \/>\n<meta property=\"article:modified_time\" content=\"2022-05-25T09:27:14+00:00\" \/>\n<meta name=\"twitter:card\" content=\"summary_large_image\" \/>\n<script type=\"application\/ld+json\" class=\"yoast-schema-graph\">{\"@context\":\"https:\\\/\\\/schema.org\",\"@graph\":[{\"@type\":\"WebPage\",\"@id\":\"https:\\\/\\\/pyrenaica.emf.eus\\\/es\\\/\",\"url\":\"https:\\\/\\\/pyrenaica.emf.eus\\\/es\\\/\",\"name\":\"Pyrenaica: revista de la federaci\u00f3n vasca de monta\u00f1a\",\"isPartOf\":{\"@id\":\"https:\\\/\\\/pyrenaica.emf.eus\\\/es\\\/#website\"},\"datePublished\":\"2022-02-18T09:19:17+00:00\",\"dateModified\":\"2022-05-25T09:27:14+00:00\",\"description\":\"Pyrenaica es la revista oficial de la Federaci\u00f3n Vasca de Monta\u00f1a que se publica desde 1926. Dispone de una valiosa HEMEROTECA online.\",\"breadcrumb\":{\"@id\":\"https:\\\/\\\/pyrenaica.emf.eus\\\/es\\\/#breadcrumb\"},\"inLanguage\":\"es\",\"potentialAction\":[{\"@type\":\"ReadAction\",\"target\":[\"https:\\\/\\\/pyrenaica.emf.eus\\\/es\\\/\"]}]},{\"@type\":\"BreadcrumbList\",\"@id\":\"https:\\\/\\\/pyrenaica.emf.eus\\\/es\\\/#breadcrumb\",\"itemListElement\":[{\"@type\":\"ListItem\",\"position\":1,\"name\":\"Home\",\"item\":\"https:\\\/\\\/pyrenaica.emf.eus\\\/es\\\/\"},{\"@type\":\"ListItem\",\"position\":2,\"name\":\"Pyrenaica\"}]},{\"@type\":\"WebSite\",\"@id\":\"https:\\\/\\\/pyrenaica.emf.eus\\\/es\\\/#website\",\"url\":\"https:\\\/\\\/pyrenaica.emf.eus\\\/es\\\/\",\"name\":\"Pyrenaica Aldizkaria\",\"description\":\"Euskal Mendizale Federazioa\",\"potentialAction\":[{\"@type\":\"SearchAction\",\"target\":{\"@type\":\"EntryPoint\",\"urlTemplate\":\"https:\\\/\\\/pyrenaica.emf.eus\\\/es\\\/?s={search_term_string}\"},\"query-input\":{\"@type\":\"PropertyValueSpecification\",\"valueRequired\":true,\"valueName\":\"search_term_string\"}}],\"inLanguage\":\"es\"}]}<\/script>\n<!-- \/ Yoast SEO plugin. -->","yoast_head_json":{"title":"Pyrenaica: revista de la federaci\u00f3n vasca de monta\u00f1a","description":"Pyrenaica es la revista oficial de la Federaci\u00f3n Vasca de Monta\u00f1a que se publica desde 1926. Dispone de una valiosa HEMEROTECA online.","robots":{"index":"index","follow":"follow","max-snippet":"max-snippet:-1","max-image-preview":"max-image-preview:large","max-video-preview":"max-video-preview:-1"},"canonical":"https:\/\/pyrenaica.emf.eus\/es\/","og_locale":"es_ES","og_type":"article","og_title":"Pyrenaica: revista de la federaci\u00f3n vasca de monta\u00f1a","og_description":"Pyrenaica es la revista oficial de la Federaci\u00f3n Vasca de Monta\u00f1a que se publica desde 1926. Dispone de una valiosa HEMEROTECA online.","og_url":"https:\/\/pyrenaica.emf.eus\/es\/","og_site_name":"Pyrenaica Aldizkaria","article_modified_time":"2022-05-25T09:27:14+00:00","twitter_card":"summary_large_image","schema":{"@context":"https:\/\/schema.org","@graph":[{"@type":"WebPage","@id":"https:\/\/pyrenaica.emf.eus\/es\/","url":"https:\/\/pyrenaica.emf.eus\/es\/","name":"Pyrenaica: revista de la federaci\u00f3n vasca de monta\u00f1a","isPartOf":{"@id":"https:\/\/pyrenaica.emf.eus\/es\/#website"},"datePublished":"2022-02-18T09:19:17+00:00","dateModified":"2022-05-25T09:27:14+00:00","description":"Pyrenaica es la revista oficial de la Federaci\u00f3n Vasca de Monta\u00f1a que se publica desde 1926. Dispone de una valiosa HEMEROTECA online.","breadcrumb":{"@id":"https:\/\/pyrenaica.emf.eus\/es\/#breadcrumb"},"inLanguage":"es","potentialAction":[{"@type":"ReadAction","target":["https:\/\/pyrenaica.emf.eus\/es\/"]}]},{"@type":"BreadcrumbList","@id":"https:\/\/pyrenaica.emf.eus\/es\/#breadcrumb","itemListElement":[{"@type":"ListItem","position":1,"name":"Home","item":"https:\/\/pyrenaica.emf.eus\/es\/"},{"@type":"ListItem","position":2,"name":"Pyrenaica"}]},{"@type":"WebSite","@id":"https:\/\/pyrenaica.emf.eus\/es\/#website","url":"https:\/\/pyrenaica.emf.eus\/es\/","name":"Pyrenaica Aldizkaria","description":"Euskal Mendizale Federazioa","potentialAction":[{"@type":"SearchAction","target":{"@type":"EntryPoint","urlTemplate":"https:\/\/pyrenaica.emf.eus\/es\/?s={search_term_string}"},"query-input":{"@type":"PropertyValueSpecification","valueRequired":true,"valueName":"search_term_string"}}],"inLanguage":"es"}]}},"_links":{"self":[{"href":"https:\/\/pyrenaica.emf.eus\/es\/wp-json\/wp\/v2\/pages\/2","targetHints":{"allow":["GET"]}}],"collection":[{"href":"https:\/\/pyrenaica.emf.eus\/es\/wp-json\/wp\/v2\/pages"}],"about":[{"href":"https:\/\/pyrenaica.emf.eus\/es\/wp-json\/wp\/v2\/types\/page"}],"author":[{"embeddable":true,"href":"https:\/\/pyrenaica.emf.eus\/es\/wp-json\/wp\/v2\/users\/1"}],"replies":[{"embeddable":true,"href":"https:\/\/pyrenaica.emf.eus\/es\/wp-json\/wp\/v2\/comments?post=2"}],"version-history":[{"count":2,"href":"https:\/\/pyrenaica.emf.eus\/es\/wp-json\/wp\/v2\/pages\/2\/revisions"}],"predecessor-version":[{"id":13,"href":"https:\/\/pyrenaica.emf.eus\/es\/wp-json\/wp\/v2\/pages\/2\/revisions\/13"}],"wp:attachment":[{"href":"https:\/\/pyrenaica.emf.eus\/es\/wp-json\/wp\/v2\/media?parent=2"}],"curies":[{"name":"wp","href":"https:\/\/api.w.org\/{rel}","templated":true}]}}