{"id":164,"date":"2022-03-24T12:24:39","date_gmt":"2022-03-24T10:24:39","guid":{"rendered":"https:\/\/pyrenaica.emf.eus\/?page_id=164"},"modified":"2022-05-06T09:34:09","modified_gmt":"2022-05-06T07:34:09","slug":"enlaces","status":"publish","type":"page","link":"https:\/\/pyrenaica.emf.eus\/es\/enlaces\/","title":{"rendered":"Enlaces"},"content":{"rendered":"<div class=\"tabs-intro\">\n<div class=\"side-column\">\n<ul class=\"nav nav-tabs \" id=\"myTab2\" role=\"tablist\">\n<li class=\"nav-item\"><a class=\"nav-link active\" id=\"01-tab\" data-bs-toggle=\"tab\" href=\"#tab-01\" role=\"tab\" aria-controls=\"tab-01\" aria-selected=\"true\">Portales de monta\u00f1a <\/a><\/li>\n<li class=\"nav-item\"><a class=\"nav-link\" id=\"02-tab\" data-bs-toggle=\"tab\" href=\"#tab-02\" role=\"tab\" aria-controls=\"tab-02\" aria-selected=\"false\">Euskal Herria <\/a><\/li>\n<li class=\"nav-item\"><a class=\"nav-link\" id=\"03-tab\" data-bs-toggle=\"tab\" href=\"#tab-03\" role=\"tab\" aria-controls=\"tab-03\" aria-selected=\"false\">Picos de Europa<\/a><\/li>\n<li class=\"nav-item\"><a class=\"nav-link\" id=\"04-tab\" data-bs-toggle=\"tab\" href=\"#tab-04\" role=\"tab\" aria-controls=\"tab-04\" aria-selected=\"false\">Pirineos<\/a><\/li>\n<li class=\"nav-item\"><a class=\"nav-link\" id=\"05-tab\" data-bs-toggle=\"tab\" href=\"#tab-05\" role=\"tab\" aria-controls=\"tab-05\" aria-selected=\"false\">Alpes<\/a><\/li>\n<li class=\"nav-item\"><a class=\"nav-link\" id=\"06-tab\" data-bs-toggle=\"tab\" href=\"#tab-06\" role=\"tab\" aria-controls=\"tab-06\" aria-selected=\"false\">Andes<\/a><\/li>\n<li class=\"nav-item\"><a class=\"nav-link\" id=\"07-tab\" data-bs-toggle=\"tab\" href=\"#tab-07\" role=\"tab\" aria-controls=\"tab-07\" aria-selected=\"false\">Himalaya<\/a><\/li>\n<li class=\"nav-item\"><a class=\"nav-link\" id=\"08-tab\" data-bs-toggle=\"tab\" href=\"#tab-08\" role=\"tab\" aria-controls=\"tab-08\" aria-selected=\"false\">Editoriales<\/a><\/li>\n<li class=\"nav-item\"><a class=\"nav-link\" id=\"09-tab\" data-bs-toggle=\"tab\" href=\"#tab-09\" role=\"tab\" aria-controls=\"tab-09\" aria-selected=\"false\">Librer\u00edas<\/a><\/li>\n<li class=\"nav-item\"><a class=\"nav-link\" id=\"10-tab\" data-bs-toggle=\"tab\" href=\"#tab-10\" role=\"tab\" aria-controls=\"tab-10\" aria-selected=\"false\">Nuestros monta\u00f1eros<\/a><\/li>\n<li class=\"nav-item\"><a class=\"nav-link\" id=\"11-tab\" data-bs-toggle=\"tab\" href=\"#tab-11\" role=\"tab\" aria-controls=\"tab-11\" aria-selected=\"false\">Revistas<\/a><\/li>\n<li class=\"nav-item\"><a class=\"nav-link\" id=\"13-tab\" data-bs-toggle=\"tab\" href=\"#tab-13\" role=\"tab\" aria-controls=\"tab-13\" aria-selected=\"false\">Meteorolog\u00eda<\/a><\/li>\n<li class=\"nav-item\"><a class=\"nav-link\" id=\"14-tab\" data-bs-toggle=\"tab\" href=\"#tab-14\" role=\"tab\" aria-controls=\"tab-14\" aria-selected=\"false\">Tiendas<\/a><\/li>\n<li class=\"nav-item\"><a class=\"nav-link\" id=\"15-tab\" data-bs-toggle=\"tab\" href=\"#tab-15\" role=\"tab\" aria-controls=\"tab-15\" aria-selected=\"false\">Federaciones<\/a><\/li>\n<li class=\"nav-item\"><a class=\"nav-link\" id=\"16-tab\" data-bs-toggle=\"tab\" href=\"#tab-16\" role=\"tab\" aria-controls=\"tab-16\" aria-selected=\"false\">Cartograf\u00eda<\/a><\/li>\n<li class=\"nav-item\"><a class=\"nav-link\" id=\"17-tab\" data-bs-toggle=\"tab\" href=\"#tab-17\" role=\"tab\" aria-controls=\"tab-17\" aria-selected=\"false\">Escalada<\/a><\/li>\n<li class=\"nav-item\"><a class=\"nav-link\" id=\"18-tab\" data-bs-toggle=\"tab\" href=\"#tab-18\" role=\"tab\" aria-controls=\"tab-18\" aria-selected=\"false\">Invernal<\/a><\/li>\n<li class=\"nav-item\"><a class=\"nav-link\" id=\"19-tab\" data-bs-toggle=\"tab\" href=\"#tab-19\" role=\"tab\" aria-controls=\"tab-19\" aria-selected=\"false\">Rutas GPS<\/a><\/li>\n<\/ul>\n<div class=\"tab-content p-3\" id=\"myTabContent2\">\n<div class=\"tab-pane fade show active\" id=\"tab-01\" role=\"tabpanel\" aria-labelledby=\"01-tab\">\n<h3>Portales de monta\u00f1a<\/h3>\n<ul class=\"tabs-links\">\n<li><a href=\"https:\/\/www.summitpost.org\/\" target=\"_blank\" rel=\"noopener\"><span>summitpost.org<\/span><i class=\"ionicons ion-android-exit\"><\/i><\/a><\/li>\n<li><a href=\"https:\/\/www.camptocamp.org\/\" target=\"_blank\" rel=\"noopener\"><span>camptocamp.org <\/span><i class=\"ionicons ion-android-exit\"><\/i><\/a><\/li>\n<li><a href=\"http:\/\/www.caranorte.com\/\" target=\"_blank\" rel=\"noopener\"><span>caranorte.com <\/span><i class=\"ionicons ion-android-exit\"><\/i><\/a><\/li>\n<li><a href=\"https:\/\/www.nonstop.es\/\" target=\"_blank\" rel=\"noopener\"><span>nonstop.es <\/span><i class=\"ionicons ion-android-exit\"><\/i><\/a><\/li>\n<\/ul><\/div>\n<div class=\"tab-pane fade\" id=\"tab-02\" role=\"tabpanel\" aria-labelledby=\"02-tab\">\n<h3>Euskal Herria<\/h3>\n<ul class=\"tabs-links\">\n<li><a href=\"http:\/\/www.euskal-herria.org\/\" target=\"_blank\" rel=\"noopener\"><span>euskal-herria.org <\/span><i class=\"ionicons ion-android-exit\"><\/i><\/a><\/li>\n<li><a href=\"http:\/\/www.mendiak.net\/\" target=\"_blank\" rel=\"noopener\"><span>mendiak.net<\/span><i class=\"ionicons ion-android-exit\"><\/i><\/a><\/li>\n<li><a href=\"http:\/\/www.mendikat.net\/\" target=\"_blank\" rel=\"noopener\"><span>mendikat.net<\/span><i class=\"ionicons ion-android-exit\"><\/i><\/a><\/li>\n<li><a href=\"http:\/\/www.rutasnavarra.com\/\" target=\"_blank\" rel=\"noopener\"><span>rutasnavarra.com<\/span><i class=\"ionicons ion-android-exit\"><\/i><\/a><\/li>\n<li><a href=\"http:\/\/www.gipuzkoaoinez.net\" target=\"_blank\" rel=\"noopener\"><span>gipuzkoaoinez.net<\/span><i class=\"ionicons ion-android-exit\"><\/i><\/a><\/li>\n<li><a href=\"http:\/\/www.misescapadaspornavarra.com\" target=\"_blank\" rel=\"noopener\"><span>misescapadaspornavarra.com<\/span><i class=\"ionicons ion-android-exit\"><\/i><\/a><\/li>\n<\/ul><\/div>\n<div class=\"tab-pane fade\" id=\"tab-03\" role=\"tabpanel\" aria-labelledby=\"03-tab\">\n<h3>Picos de Europa<\/h3>\n<ul class=\"tabs-links\">\n<li><a href=\"http:\/\/www.foropicos.net\" target=\"_blank\" rel=\"noopener\"><span>foropicos.net<\/span><i class=\"ionicons ion-android-exit\"><\/i><\/a><\/li>\n<\/ul><\/div>\n<div class=\"tab-pane fade\" id=\"tab-04\" role=\"tabpanel\" aria-labelledby=\"04-tab\">\n<h3>Pirineos<\/h3>\n<ul class=\"tabs-links\">\n<li><a href=\"http:\/\/www.madteam.net\/\" target=\"_blank\" rel=\"noopener\"><span>madteam.net<\/span><i class=\"ionicons ion-android-exit\"><\/i><\/a><\/li>\n<li><a href=\"http:\/\/www.pyrenees-team.com\/\" target=\"_blank\" rel=\"noopener\"><span>pyrenees-team.com<\/span><i class=\"ionicons ion-android-exit\"><\/i><\/a><\/li>\n<li><a href=\"http:\/\/www.pyrenees-gites.com\" target=\"_blank\" rel=\"noopener\"><span>pyrenees-gites.com<\/span><i class=\"ionicons ion-android-exit\"><\/i><\/a><\/li>\n<\/ul><\/div>\n<div class=\"tab-pane fade\" id=\"tab-05\" role=\"tabpanel\" aria-labelledby=\"05-tab\">\n<h3>Alpes<\/h3>\n<ul class=\"tabs-links\">\n<li><a href=\"http:\/\/www.club4000.it\/\" target=\"_blank\" rel=\"noopener\"><span>club4000.it<\/span><i class=\"ionicons ion-android-exit\"><\/i><\/a><\/li>\n<li><a href=\"http:\/\/www.via-ferrata.de\/\" target=\"_blank\" rel=\"noopener\"><span>via-ferrata.de<\/span><i class=\"ionicons ion-android-exit\"><\/i><\/a><\/li>\n<li><a href=\"http:\/\/www.4000er.de\" target=\"_blank\" rel=\"noopener\"><span>4000er.de<\/span><i class=\"ionicons ion-android-exit\"><\/i><\/a><\/li>\n<\/ul><\/div>\n<div class=\"tab-pane fade\" id=\"tab-06\" role=\"tabpanel\" aria-labelledby=\"06-tab\">\n<h3>Andes<\/h3>\n<ul class=\"tabs-links\">\n<li><a href=\"http:\/\/www.andeshandbook.cl\/\" target=\"_blank\" rel=\"noopener\"><span>andeshandbook.cl<\/span><i class=\"ionicons ion-android-exit\"><\/i><\/a><\/li>\n<\/ul><\/div>\n<div class=\"tab-pane fade\" id=\"tab-07\" role=\"tabpanel\" aria-labelledby=\"07-tab\">\n<h3>Himalaya<\/h3>\n<ul class=\"tabs-links\">\n<li><a href=\"http:\/\/www.everestnews.com\/\" target=\"_blank\" rel=\"noopener\"><span>everestnews.com<\/span><i class=\"ionicons ion-android-exit\"><\/i><\/a><\/li>\n<li><a href=\"http:\/\/www.k2climb.net\/\" target=\"_blank\" rel=\"noopener\"><span>k2climb.net<\/span><i class=\"ionicons ion-android-exit\"><\/i><\/a><\/li>\n<li><a href=\"http:\/\/www.mounteverest.net\/\" target=\"_blank\" rel=\"noopener\"><span>mounteverest.net<\/span><i class=\"ionicons ion-android-exit\"><\/i><\/a><\/li>\n<\/ul><\/div>\n<div class=\"tab-pane fade\" id=\"tab-08\" role=\"tabpanel\" aria-labelledby=\"08-tab\">\n<h3>Editoriales<\/h3>\n<ul class=\"tabs-links\">\n<li><a href=\"https:\/\/www.sua.eus\/\" target=\"_blank\" rel=\"noopener\"><span>sua.eus<\/span><i class=\"ionicons ion-android-exit\"><\/i><\/a><\/li>\n<li><a href=\"http:\/\/www.desnivel.com\" target=\"_blank\" rel=\"noopener\"><span>desnivel.com<\/span><i class=\"ionicons ion-android-exit\"><\/i><\/a><\/li>\n<li><a href=\"http:\/\/www.cicerone.co.uk\/\" target=\"_blank\" rel=\"noopener\"><span>cicerone.co.uk<\/span><i class=\"ionicons ion-android-exit\"><\/i><\/a><\/li>\n<li><a href=\"http:\/\/www.nondik.com\" target=\"_blank\" rel=\"noopener\"><span>nondik.com<\/span><i class=\"ionicons ion-android-exit\"><\/i><\/a><\/li>\n<li><a href=\"http:\/\/www.editorialalpina.com\" target=\"_blank\" rel=\"noopener\"><span>editorialalpina.com<\/span><i class=\"ionicons ion-android-exit\"><\/i><\/a><\/li>\n<\/ul><\/div>\n<div class=\"tab-pane fade\" id=\"tab-09\" role=\"tabpanel\" aria-labelledby=\"09-tab\">\n<h3>Librer\u00edas<\/h3>\n<ul class=\"tabs-links\">\n<li><a href=\"http:\/\/www.cordee.co.uk\/\" target=\"_blank\" rel=\"noopener\"><span>cordee.co.uk<\/span><i class=\"ionicons ion-android-exit\"><\/i><\/a><\/li>\n<li><a href=\"http:\/\/www.stanfords.co.uk\" target=\"_blank\" rel=\"noopener\"><span>stanfords.co.uk<\/span><i class=\"ionicons ion-android-exit\"><\/i><\/a><\/li>\n<li><a href=\"http:\/\/www.cicerone.co.uk\/\" target=\"_blank\" rel=\"noopener\"><span>cicerone.co.uk<\/span><i class=\"ionicons ion-android-exit\"><\/i><\/a><\/li>\n<li><a href=\"http:\/\/www.omnimap.com\/\" target=\"_blank\" rel=\"noopener\"><span>omnimap.com<\/span><i class=\"ionicons ion-android-exit\"><\/i><\/a><\/li>\n<li><a href=\"http:\/\/www.libreriatintas.com\/\" target=\"_blank\" rel=\"noopener\"><span>www.libreriatintas.com<\/span><i class=\"ionicons ion-android-exit\"><\/i><\/a><\/li>\n<\/ul><\/div>\n<div class=\"tab-pane fade\" id=\"tab-10\" role=\"tabpanel\" aria-labelledby=\"10-tab\">\n<h3>Nuestros monta\u00f1eros<\/h3>\n<ul class=\"tabs-links\">\n<li><a href=\"http:\/\/www.juanitooiarzabal.com\/\" target=\"_blank\" rel=\"noopener\"><span>juanitooiarzabal.com<\/span><i class=\"ionicons ion-android-exit\"><\/i><\/a><\/li>\n<li><a href=\"https:\/\/hermanospou.com\/es\/\" target=\"_blank\" rel=\"noopener\"><span>hermanospou.com<\/span><i class=\"ionicons ion-android-exit\"><\/i><\/a><\/li>\n<li><a href=\"https:\/\/www.edurnepasaban.com\/\" target=\"_blank\" rel=\"noopener\"><span>edurnepasaban.com<\/span><i class=\"ionicons ion-android-exit\"><\/i><\/a><\/li>\n<li><a href=\"http:\/\/www.patxiusobiaga.com\/\" target=\"_blank\" rel=\"noopener\"><span>patxiusobiaga.com<\/span><i class=\"ionicons ion-android-exit\"><\/i><\/a><\/li>\n<li><a href=\"https:\/\/www.alextxikon.com\/\" target=\"_blank\" rel=\"noopener\"><span>alextxikon.com<\/span><i class=\"ionicons ion-android-exit\"><\/i><\/a><\/li>\n<\/ul><\/div>\n<div class=\"tab-pane fade\" id=\"tab-11\" role=\"tabpanel\" aria-labelledby=\"11-tab\">\n<h3>Revistas<\/h3>\n<ul class=\"tabs-links\">\n<li><a href=\"http:\/\/www.climbing.com\/\" target=\"_blank\" rel=\"noopener\"><span>climbing.com<\/span><i class=\"ionicons ion-android-exit\"><\/i><\/a><\/li>\n<li><a href=\"http:\/\/www.backpacker.com\/\" target=\"_blank\" rel=\"noopener\"><span>backpacker.com<\/span><i class=\"ionicons ion-android-exit\"><\/i><\/a><\/li>\n<li><a href=\"http:\/\/www.climber.co.uk\/\" target=\"_blank\" rel=\"noopener\"><span>climber.co.uk<\/span><i class=\"ionicons ion-android-exit\"><\/i><\/a><\/li>\n<li><a href=\"http:\/\/www.risk.ru\/\" target=\"_blank\" rel=\"noopener\"><span>.risk.ru<\/span><i class=\"ionicons ion-android-exit\"><\/i><\/a><\/li>\n<li><a href=\"http:\/\/www.bergsteiger.de\/\" target=\"_blank\" rel=\"noopener\"><span>bergsteiger.de<\/span><i class=\"ionicons ion-android-exit\"><\/i><\/a><\/li>\n<li><a href=\"http:\/\/www.montagnes-magazine.com\/\" target=\"_blank\" rel=\"noopener\"><span>montagnes-magazine.com<\/span><i class=\"ionicons ion-android-exit\"><\/i><\/a><\/li>\n<li><a href=\"http:\/\/www.trekmag.com\/\" target=\"_blank\" rel=\"noopener\"><span>trekmag.com<\/span><i class=\"ionicons ion-android-exit\"><\/i><\/a><\/li>\n<li><a href=\"http:\/\/www.campobase.es\" target=\"_blank\" rel=\"noopener\"><span>campobase.es<\/span><i class=\"ionicons ion-android-exit\"><\/i><\/a><\/li>\n<\/ul><\/div>\n<div class=\"tab-pane fade\" id=\"tab-13\" role=\"tabpanel\" aria-labelledby=\"13-tab\">\n<h3>Meteorolog\u00eda<\/h3>\n<ul class=\"tabs-links\">\n<li><a href=\"http:\/\/www.meteofrance.com\/\" target=\"_blank\" rel=\"noopener\"><span>meteofrance.com<\/span><i class=\"ionicons ion-android-exit\"><\/i><\/a><\/li>\n<li><a href=\"http:\/\/www.meteo.fr\" target=\"_blank\" rel=\"noopener\"><span>meteo.fr<\/span><i class=\"ionicons ion-android-exit\"><\/i><\/a><\/li>\n<li><a href=\"http:\/\/www.asturmet.com\" target=\"_blank\" rel=\"noopener\"><span>asturmet.com<\/span><i class=\"ionicons ion-android-exit\"><\/i><\/a><\/li>\n<li><a href=\"https:\/\/www.euskalmet.euskadi.eus\" target=\"_blank\" rel=\"noopener\"><span>euskalmet.euskadi.eus<\/span><i class=\"ionicons ion-android-exit\"><\/i><\/a><\/li>\n<li><a href=\"http:\/\/www.aemet.es\" target=\"_blank\" rel=\"noopener\"><span>aemet.es<\/span><i class=\"ionicons ion-android-exit\"><\/i><\/a><\/li>\n<\/ul><\/div>\n<div class=\"tab-pane fade\" id=\"tab-14\" role=\"tabpanel\" aria-labelledby=\"14-tab\">\n<h3>Tiendas<\/h3>\n<ul class=\"tabs-links\">\n<li><a href=\"http:\/\/www.barrabes.com\/\" target=\"_blank\" rel=\"noopener\"><span>barrabes.com<\/span><i class=\"ionicons ion-android-exit\"><\/i><\/a><\/li>\n<li><a href=\"http:\/\/www.viajesazulmarino.com\" target=\"_blank\" rel=\"noopener\"><span>viajesazulmarino.com<\/span><i class=\"ionicons ion-android-exit\"><\/i><\/a><\/li>\n<li><a href=\"http:\/\/www.clubmarcopolo.com\" target=\"_blank\" rel=\"noopener\"><span>clubmarcopolo.com<\/span><i class=\"ionicons ion-android-exit\"><\/i><\/a><\/li>\n<\/ul><\/div>\n<div class=\"tab-pane fade\" id=\"tab-15\" role=\"tabpanel\" aria-labelledby=\"15-tab\">\n<h3>Federaciones<\/h3>\n<ul class=\"tabs-links\">\n<li><a href=\"https:\/\/emf.eus\" target=\"_blank\" rel=\"noopener\"><span>emf.eus<\/span><i class=\"ionicons ion-android-exit\"><\/i><\/a><\/li>\n<li><a href=\"http:\/\/www.bmf-fvm.org\" target=\"_blank\" rel=\"noopener\"><span>bmf-fvm.org<\/span><i class=\"ionicons ion-android-exit\"><\/i><\/a><\/li>\n<li><a href=\"http:\/\/www.amf-fam.org\" target=\"_blank\" rel=\"noopener\"><span>amf-fam.org <\/span><i class=\"ionicons ion-android-exit\"><\/i><\/a><\/li>\n<li><a href=\"http:\/\/www.gmf-fgm.org\" target=\"_blank\" rel=\"noopener\"><span>gmf-fgm.org<\/span><i class=\"ionicons ion-android-exit\"><\/i><\/a><\/li>\n<li><a href=\"https:\/\/www.nafarmendi.org\/\" target=\"_blank\" rel=\"noopener\"><span>nafarmendi.org<\/span><i class=\"ionicons ion-android-exit\"><\/i><\/a><\/li>\n<li><a href=\"http:\/\/www.mendizmendi.com\" target=\"_blank\" rel=\"noopener\"><span>mendizmendi.com<\/span><i class=\"ionicons ion-android-exit\"><\/i><\/a><\/li>\n<li><a href=\"http:\/\/www.fedme.es\/\" target=\"_blank\" rel=\"noopener\"><span>fedme.es<\/span><i class=\"ionicons ion-android-exit\"><\/i><\/a><\/li>\n<li><a href=\"http:\/\/www.fam.es\" target=\"_blank\" rel=\"noopener\"><span>fam.es<\/span><i class=\"ionicons ion-android-exit\"><\/i><\/a><\/li>\n<li><a href=\"https:\/\/theuiaa.org\/\" target=\"_blank\" rel=\"noopener\"><span>theuiaa.org<\/span><i class=\"ionicons ion-android-exit\"><\/i><\/a><\/li>\n<\/ul><\/div>\n<div class=\"tab-pane fade\" id=\"tab-16\" role=\"tabpanel\" aria-labelledby=\"16-tab\">\n<h3>Cartograf\u00eda<\/h3>\n<ul class=\"tabs-links\">\n<li><a href=\"http:\/\/www.ign.es\" target=\"_blank\" rel=\"noopener\"><span>ign.es<\/span><i class=\"ionicons ion-android-exit\"><\/i><\/a><\/li>\n<li><a href=\"http:\/\/www.ign.fr\" target=\"_blank\" rel=\"noopener\"><span>ign.fr<\/span><i class=\"ionicons ion-android-exit\"><\/i><\/a><\/li>\n<li><a href=\"https:\/\/www.ign.es\/iberpix\/visor\" target=\"_blank\" rel=\"noopener\"><span>ign.es<\/span><i class=\"ionicons ion-android-exit\"><\/i><\/a><\/li>\n<li><a href=\"https:\/\/www.geo.euskadi.eus\/geobisorea\" target=\"_blank\" rel=\"noopener\"><span>geo.euskadi.eus<\/span><i class=\"ionicons ion-android-exit\"><\/i><\/a><\/li>\n<li><a href=\"http:\/\/b5m.gipuzkoa.net\/web5000\/es\/\" target=\"_blank\" rel=\"noopener\"><span>b5m.gipuzkoa.net<\/span><i class=\"ionicons ion-android-exit\"><\/i><\/a><\/li>\n<li><a href=\"http:\/\/sitna.navarra.es\/geoportal\/?lang=\" target=\"_blank\" rel=\"noopener\"><span>sitna.navarra.es<\/span><i class=\"ionicons ion-android-exit\"><\/i><\/a><\/li>\n<\/ul><\/div>\n<div class=\"tab-pane fade\" id=\"tab-17\" role=\"tabpanel\" aria-labelledby=\"17-tab\">\n<h3>Escalada<\/h3>\n<ul class=\"tabs-links\">\n<li><a href=\"http:\/\/www.8a.nu\" target=\"_blank\" rel=\"noopener\"><span>8a.nu<\/span><i class=\"ionicons ion-android-exit\"><\/i><\/a><\/li>\n<li><a href=\"http:\/\/www.viaclasica.com\" target=\"_blank\" rel=\"noopener\"><span>viaclasica.com<\/span><i class=\"ionicons ion-android-exit\"><\/i><\/a><\/li>\n<li><a href=\"http:\/\/www.todoescalada.net\" target=\"_blank\" rel=\"noopener\"><span>todoescalada.net<\/span><i class=\"ionicons ion-android-exit\"><\/i><\/a><\/li>\n<\/ul><\/div>\n<div class=\"tab-pane fade\" id=\"tab-18\" role=\"tabpanel\" aria-labelledby=\"18-tab\">\n<h3>Invernal<\/h3>\n<ul class=\"tabs-links\">\n<li><a href=\"http:\/\/www.esquidetravesia.net\" target=\"_blank\" rel=\"noopener\"><span>esquidetravesia.net <\/span><i class=\"ionicons ion-android-exit\"><\/i><\/a><\/li>\n<\/ul><\/div>\n<div class=\"tab-pane fade\" id=\"tab-19\" role=\"tabpanel\" aria-labelledby=\"19-tab\">\n<h3>Rutas GPS <\/h3>\n<ul class=\"tabs-links\">\n<li><a href=\"http:\/\/www.wikiloc.com \"><span>www.wikiloc.com <\/span><i class=\"ionicons ion-android-exit\"><\/i><\/a><\/li>\n<\/ul><\/div>\n<\/p><\/div>\n<\/p><\/div>\n<\/div>\n","protected":false},"excerpt":{"rendered":"<p>Portales de monta\u00f1a Euskal Herria Picos de Europa Pirineos Alpes Andes Himalaya Editoriales Librer\u00edas Nuestros monta\u00f1eros Revistas Meteorolog\u00eda Tiendas Federaciones Cartograf\u00eda Escalada Invernal Rutas GPS Portales de monta\u00f1a summitpost.org camptocamp.org caranorte.com nonstop.es Euskal Herria euskal-herria.org mendiak.net mendikat.net rutasnavarra.com gipuzkoaoinez.net misescapadaspornavarra.com Picos de Europa foropicos.net Pirineos madteam.net pyrenees-team.com pyrenees-gites.com Alpes club4000.it via-ferrata.de 4000er.de Andes andeshandbook.cl Himalaya [&hellip;]<\/p>\n","protected":false},"author":1,"featured_media":0,"parent":0,"menu_order":0,"comment_status":"closed","ping_status":"closed","template":"","meta":{"_acf_changed":false,"footnotes":""},"class_list":["post-164","page","type-page","status-publish","hentry"],"acf":[],"yoast_head":"<!-- This site is optimized with the Yoast SEO plugin v27.5 - https:\/\/yoast.com\/product\/yoast-seo-wordpress\/ -->\n<title>Enlaces - Pyrenaica Aldizkaria<\/title>\n<meta name=\"robots\" content=\"index, follow, max-snippet:-1, max-image-preview:large, max-video-preview:-1\" \/>\n<link rel=\"canonical\" href=\"https:\/\/pyrenaica.emf.eus\/es\/enlaces\/\" \/>\n<meta property=\"og:locale\" content=\"es_ES\" \/>\n<meta property=\"og:type\" content=\"article\" \/>\n<meta property=\"og:title\" content=\"Enlaces - Pyrenaica Aldizkaria\" \/>\n<meta property=\"og:description\" content=\"Portales de monta\u00f1a Euskal Herria Picos de Europa Pirineos Alpes Andes Himalaya Editoriales Librer\u00edas Nuestros monta\u00f1eros Revistas Meteorolog\u00eda Tiendas Federaciones Cartograf\u00eda Escalada Invernal Rutas GPS Portales de monta\u00f1a summitpost.org camptocamp.org caranorte.com nonstop.es Euskal Herria euskal-herria.org mendiak.net mendikat.net rutasnavarra.com gipuzkoaoinez.net misescapadaspornavarra.com Picos de Europa foropicos.net Pirineos madteam.net pyrenees-team.com pyrenees-gites.com Alpes club4000.it via-ferrata.de 4000er.de Andes andeshandbook.cl Himalaya [&hellip;]\" \/>\n<meta property=\"og:url\" content=\"https:\/\/pyrenaica.emf.eus\/es\/enlaces\/\" \/>\n<meta property=\"og:site_name\" content=\"Pyrenaica Aldizkaria\" \/>\n<meta property=\"article:modified_time\" content=\"2022-05-06T07:34:09+00:00\" \/>\n<meta name=\"twitter:card\" content=\"summary_large_image\" \/>\n<meta name=\"twitter:label1\" content=\"Tiempo de lectura\" \/>\n\t<meta name=\"twitter:data1\" content=\"1 minuto\" \/>\n<script type=\"application\/ld+json\" class=\"yoast-schema-graph\">{\"@context\":\"https:\\\/\\\/schema.org\",\"@graph\":[{\"@type\":\"WebPage\",\"@id\":\"https:\\\/\\\/pyrenaica.emf.eus\\\/es\\\/enlaces\\\/\",\"url\":\"https:\\\/\\\/pyrenaica.emf.eus\\\/es\\\/enlaces\\\/\",\"name\":\"Enlaces - Pyrenaica Aldizkaria\",\"isPartOf\":{\"@id\":\"https:\\\/\\\/pyrenaica.emf.eus\\\/es\\\/#website\"},\"datePublished\":\"2022-03-24T10:24:39+00:00\",\"dateModified\":\"2022-05-06T07:34:09+00:00\",\"breadcrumb\":{\"@id\":\"https:\\\/\\\/pyrenaica.emf.eus\\\/es\\\/enlaces\\\/#breadcrumb\"},\"inLanguage\":\"es\",\"potentialAction\":[{\"@type\":\"ReadAction\",\"target\":[\"https:\\\/\\\/pyrenaica.emf.eus\\\/es\\\/enlaces\\\/\"]}]},{\"@type\":\"BreadcrumbList\",\"@id\":\"https:\\\/\\\/pyrenaica.emf.eus\\\/es\\\/enlaces\\\/#breadcrumb\",\"itemListElement\":[{\"@type\":\"ListItem\",\"position\":1,\"name\":\"Home\",\"item\":\"https:\\\/\\\/pyrenaica.emf.eus\\\/es\\\/\"},{\"@type\":\"ListItem\",\"position\":2,\"name\":\"Enlaces\"}]},{\"@type\":\"WebSite\",\"@id\":\"https:\\\/\\\/pyrenaica.emf.eus\\\/es\\\/#website\",\"url\":\"https:\\\/\\\/pyrenaica.emf.eus\\\/es\\\/\",\"name\":\"Pyrenaica Aldizkaria\",\"description\":\"Euskal Mendizale Federazioa\",\"potentialAction\":[{\"@type\":\"SearchAction\",\"target\":{\"@type\":\"EntryPoint\",\"urlTemplate\":\"https:\\\/\\\/pyrenaica.emf.eus\\\/es\\\/?s={search_term_string}\"},\"query-input\":{\"@type\":\"PropertyValueSpecification\",\"valueRequired\":true,\"valueName\":\"search_term_string\"}}],\"inLanguage\":\"es\"}]}<\/script>\n<!-- \/ Yoast SEO plugin. -->","yoast_head_json":{"title":"Enlaces - Pyrenaica Aldizkaria","robots":{"index":"index","follow":"follow","max-snippet":"max-snippet:-1","max-image-preview":"max-image-preview:large","max-video-preview":"max-video-preview:-1"},"canonical":"https:\/\/pyrenaica.emf.eus\/es\/enlaces\/","og_locale":"es_ES","og_type":"article","og_title":"Enlaces - Pyrenaica Aldizkaria","og_description":"Portales de monta\u00f1a Euskal Herria Picos de Europa Pirineos Alpes Andes Himalaya Editoriales Librer\u00edas Nuestros monta\u00f1eros Revistas Meteorolog\u00eda Tiendas Federaciones Cartograf\u00eda Escalada Invernal Rutas GPS Portales de monta\u00f1a summitpost.org camptocamp.org caranorte.com nonstop.es Euskal Herria euskal-herria.org mendiak.net mendikat.net rutasnavarra.com gipuzkoaoinez.net misescapadaspornavarra.com Picos de Europa foropicos.net Pirineos madteam.net pyrenees-team.com pyrenees-gites.com Alpes club4000.it via-ferrata.de 4000er.de Andes andeshandbook.cl Himalaya [&hellip;]","og_url":"https:\/\/pyrenaica.emf.eus\/es\/enlaces\/","og_site_name":"Pyrenaica Aldizkaria","article_modified_time":"2022-05-06T07:34:09+00:00","twitter_card":"summary_large_image","twitter_misc":{"Tiempo de lectura":"1 minuto"},"schema":{"@context":"https:\/\/schema.org","@graph":[{"@type":"WebPage","@id":"https:\/\/pyrenaica.emf.eus\/es\/enlaces\/","url":"https:\/\/pyrenaica.emf.eus\/es\/enlaces\/","name":"Enlaces - Pyrenaica Aldizkaria","isPartOf":{"@id":"https:\/\/pyrenaica.emf.eus\/es\/#website"},"datePublished":"2022-03-24T10:24:39+00:00","dateModified":"2022-05-06T07:34:09+00:00","breadcrumb":{"@id":"https:\/\/pyrenaica.emf.eus\/es\/enlaces\/#breadcrumb"},"inLanguage":"es","potentialAction":[{"@type":"ReadAction","target":["https:\/\/pyrenaica.emf.eus\/es\/enlaces\/"]}]},{"@type":"BreadcrumbList","@id":"https:\/\/pyrenaica.emf.eus\/es\/enlaces\/#breadcrumb","itemListElement":[{"@type":"ListItem","position":1,"name":"Home","item":"https:\/\/pyrenaica.emf.eus\/es\/"},{"@type":"ListItem","position":2,"name":"Enlaces"}]},{"@type":"WebSite","@id":"https:\/\/pyrenaica.emf.eus\/es\/#website","url":"https:\/\/pyrenaica.emf.eus\/es\/","name":"Pyrenaica Aldizkaria","description":"Euskal Mendizale Federazioa","potentialAction":[{"@type":"SearchAction","target":{"@type":"EntryPoint","urlTemplate":"https:\/\/pyrenaica.emf.eus\/es\/?s={search_term_string}"},"query-input":{"@type":"PropertyValueSpecification","valueRequired":true,"valueName":"search_term_string"}}],"inLanguage":"es"}]}},"_links":{"self":[{"href":"https:\/\/pyrenaica.emf.eus\/es\/wp-json\/wp\/v2\/pages\/164","targetHints":{"allow":["GET"]}}],"collection":[{"href":"https:\/\/pyrenaica.emf.eus\/es\/wp-json\/wp\/v2\/pages"}],"about":[{"href":"https:\/\/pyrenaica.emf.eus\/es\/wp-json\/wp\/v2\/types\/page"}],"author":[{"embeddable":true,"href":"https:\/\/pyrenaica.emf.eus\/es\/wp-json\/wp\/v2\/users\/1"}],"replies":[{"embeddable":true,"href":"https:\/\/pyrenaica.emf.eus\/es\/wp-json\/wp\/v2\/comments?post=164"}],"version-history":[{"count":4,"href":"https:\/\/pyrenaica.emf.eus\/es\/wp-json\/wp\/v2\/pages\/164\/revisions"}],"predecessor-version":[{"id":1216,"href":"https:\/\/pyrenaica.emf.eus\/es\/wp-json\/wp\/v2\/pages\/164\/revisions\/1216"}],"wp:attachment":[{"href":"https:\/\/pyrenaica.emf.eus\/es\/wp-json\/wp\/v2\/media?parent=164"}],"curies":[{"name":"wp","href":"https:\/\/api.w.org\/{rel}","templated":true}]}}