{"id":1257,"date":"2022-03-15T14:37:22","date_gmt":"2022-03-15T12:37:22","guid":{"rendered":"https:\/\/pyrenaica.emf.eus\/el-rincon-del-tachamontes-2\/"},"modified":"2022-03-15T14:37:22","modified_gmt":"2022-03-15T12:37:22","slug":"el-rincon-del-tachamontes","status":"publish","type":"page","link":"https:\/\/pyrenaica.emf.eus\/es\/el-rincon-del-tachamontes\/","title":{"rendered":"Tachamontesen Txokoa"},"content":{"rendered":"<div class=\"tabs-intro\">\n<div class=\"intro-txt\">\n<p>Pyrenaica quiere ofrecerte en este espacio una serie de listados de cimas que pueden servir como gu\u00eda para \u00abtachar\u00bb en el m\u00e1s sencillo sentido coleccionista, para conocer zonas geogr\u00e1ficas con una cierta exhaustividad, para elegir las cimas de inter\u00e9s en un determinado \u00e1mbito geogr\u00e1fico, etc. Los listados son el resultado del trabajo de investigaci\u00f3n de diferentes autores y autoras. Por esta raz\u00f3n, en cada listado hacemos constar la procedencia de los datos y la autor\u00eda de los trabajos. Pyrenaica no se hace responsable de su contenido ni pretende corregirlos o actualizarlos.<\/p>\n<p>Queremos dar una relevancia especial al Cat\u00e1logo de cimas de Euskal Herria (\u00abCat\u00e1logo de Centenarios\u00bb), que ha sido \u00fatil a varias generaciones de monta\u00f1eros y monta\u00f1eras. Sigue siendo una referencia v\u00e1lida para fomentar la pr\u00e1ctica constante y variada de nuestra actividad. Lo incluimos en formato pdf. Pod\u00e9is hacernos llegar cualquier supuesto error, falta, sugerencia o propuesta respecto al Cat\u00e1logo al correo <a href=\"mailto:contacto@pyrenaica.com\">contacto@pyrenaica.com<\/a><\/p>\n<\/div>\n<ul id=\"myTab\" class=\"nav nav-tabs nav-fill\" role=\"tablist\">\n<li class=\"nav-item\"><a id=\"eh-tab\" class=\"nav-link active\" role=\"tab\" href=\"#tab-eh\" data-bs-toggle=\"tab\" aria-controls=\"tab-eh\" aria-selected=\"true\">Euskal Herria y alrededores <\/a><\/li>\n<li class=\"nav-item\"><a id=\"estado-tab\" class=\"nav-link\" role=\"tab\" href=\"#tab-estado\" data-bs-toggle=\"tab\" aria-controls=\"tab-estado\" aria-selected=\"false\">Estado <\/a><\/li>\n<li class=\"nav-item\"><a id=\"mundo-tab\" class=\"nav-link\" role=\"tab\" href=\"#tab-mundo\" data-bs-toggle=\"tab\" aria-controls=\"tab-mundo\" aria-selected=\"false\">Mundo <\/a><\/li>\n<\/ul>\n<div id=\"myTabContent\" class=\"tab-content border-x border-bottom p-3\">\n<div id=\"tab-eh\" class=\"tab-pane fade show active\" role=\"tabpanel\" aria-labelledby=\"eh-tab\">\n<h3>Euskal Herria y alrededores<\/h3>\n<ul class=\"tabs-links\">\n<li><a href=\"https:\/\/pyrenaica.emf.eus\/wp-content\/uploads\/2022\/03\/2018EHMendienKatalogoa.pdf\" target=\"_blank\" rel=\"noopener\">Cimas de Euskal Herria 2018<i class=\"ionicons ion-ios-download-outline\"><\/i><\/a><\/li>\n<li><a href=\"https:\/\/pyrenaica.emf.eus\/wp-content\/uploads\/2022\/03\/euskalherriaprominencias.pdf\" target=\"_blank\" rel=\"noopener\">Prominencias de Euskal Herria<i class=\"ionicons ion-ios-download-outline\"><\/i><\/a><\/li>\n<li><a href=\"https:\/\/pyrenaica.emf.eus\/wp-content\/uploads\/2022\/03\/bizkaikosab.pdf\" target=\"_blank\" rel=\"noopener\">Techos municipales de Bizkaia<i class=\"ionicons ion-ios-download-outline\"><\/i><\/a><\/li>\n<li><a href=\"https:\/\/pyrenaica.emf.eus\/wp-content\/uploads\/2022\/03\/bizkaiaprom.pdf\" target=\"_blank\" rel=\"noopener\">Prominencias de Bizkaia<i class=\"ionicons ion-ios-download-outline\"><\/i><\/a><\/li>\n<li><a href=\"https:\/\/pyrenaica.emf.eus\/wp-content\/uploads\/2022\/03\/burgosmendiak.pdf\" target=\"_blank\" rel=\"noopener\">Montes de Burgos<i class=\"ionicons ion-ios-download-outline\"><\/i><\/a><\/li>\n<li><a href=\"https:\/\/pyrenaica.emf.eus\/wp-content\/uploads\/2022\/03\/kantabriamendiak.pdf\" target=\"_blank\" rel=\"noopener\">Montes de Cantabria<i class=\"ionicons ion-ios-download-outline\"><\/i><\/a><\/li>\n<li><a href=\"https:\/\/pyrenaica.emf.eus\/wp-content\/uploads\/2022\/03\/errioxamendiak.pdf\" target=\"_blank\" rel=\"noopener\">Montes de La Rioja <i class=\"ionicons ion-ios-download-outline\"><\/i><\/a><\/li>\n<li><a href=\"https:\/\/pyrenaica.emf.eus\/wp-content\/uploads\/2022\/03\/100mAraudia.pdf\" target=\"_blank\" rel=\"noopener\">Reglamento del Concurso de los Cien Montes<i class=\"ionicons ion-ios-download-outline\"><\/i><\/a><\/li>\n<li><a href=\"https:\/\/pyrenaica.emf.eus\/wp-content\/uploads\/2022\/03\/2014EdizioaZuzenketak.pdf\" target=\"_blank\" rel=\"noopener\">Notas a la edici\u00f3n de 2014<i class=\"ionicons ion-ios-download-outline\"><\/i><\/a><\/li>\n<li><a href=\"https:\/\/pyrenaica.emf.eus\/wp-content\/uploads\/2022\/03\/ayllon_treceno.pdf\" target=\"_blank\" rel=\"noopener\">Dosmiles de Ayll\u00f3n (A. Trece\u00f1o)<i class=\"ionicons ion-ios-download-outline\"><\/i><\/a><\/li>\n<\/ul>\n<\/div>\n<div id=\"tab-estado\" class=\"tab-pane fade\" role=\"tabpanel\" aria-labelledby=\"estado-tab\">\n<h3>Estado<\/h3>\n<ul class=\"tabs-links\">\n<li style=\"list-style-type: none;\">\n<ul class=\"tabs-links\">\n<li><a href=\"https:\/\/pyrenaica.emf.eus\/wp-content\/uploads\/2022\/03\/centcimscatalunya.pdf\" target=\"_blank\" rel=\"noopener\">Cat\u00e1logo de Catalunya (Cent Cims)<i class=\"ionicons ion-ios-download-outline\"><\/i><\/a><\/li>\n<li><a href=\"https:\/\/pyrenaica.emf.eus\/wp-content\/uploads\/2022\/03\/pirinioa3000.pdf\" target=\"_blank\" rel=\"noopener\">Tresmiles del Pirineo<i class=\"ionicons ion-ios-download-outline\"><\/i><\/a><\/li>\n<li><a href=\"https:\/\/pyrenaica.emf.eus\/wp-content\/uploads\/2022\/03\/pirinioa3000enparauak.pdf\" target=\"_blank\" rel=\"noopener\">Tresmiles del Pirineo (cotas restantes)<i class=\"ionicons ion-ios-download-outline\"><\/i><\/a><\/li>\n<li><a href=\"https:\/\/pyrenaica.emf.eus\/wp-content\/uploads\/2022\/03\/sierranevada3000.pdf\" target=\"_blank\" rel=\"noopener\">Tresmiles de Sierra Nevada<i class=\"ionicons ion-ios-download-outline\"><\/i><\/a><\/li>\n<li><a href=\"https:\/\/pyrenaica.emf.eus\/wp-content\/uploads\/2022\/03\/techosespana2001.pdf\" target=\"_blank\" rel=\"noopener\">Techos de Espa\u00f1a (Mart\u00ednez, 2001)<i class=\"ionicons ion-ios-download-outline\"><\/i><\/a><\/li>\n<li><a href=\"https:\/\/pyrenaica.emf.eus\/wp-content\/uploads\/2022\/03\/iberiaprominencias.pdf\" target=\"_blank\" rel=\"noopener\">Prominencias de la Pen\u00ednsula Ib\u00e9rica<i class=\"ionicons ion-ios-download-outline\"><\/i><\/a><\/li>\n<li><a href=\"https:\/\/pyrenaica.emf.eus\/wp-content\/uploads\/2022\/03\/gredoslis.pdf\" target=\"_blank\" rel=\"noopener\">Dosmiles de Gredos (Lisiecki-Mart\u00ednez)<i class=\"ionicons ion-ios-download-outline\"><\/i><\/a><\/li>\n<li><a href=\"https:\/\/pyrenaica.emf.eus\/wp-content\/uploads\/2022\/03\/guadarrama_pliego.pdf\" target=\"_blank\" rel=\"noopener\">Dosmiles de Guadarrama (D. Pliego)<i class=\"ionicons ion-ios-download-outline\"><\/i><\/a><\/li>\n<li><a href=\"https:\/\/pyrenaica.emf.eus\/wp-content\/uploads\/2022\/03\/guadarrama_treceno.pdf\" target=\"_blank\" rel=\"noopener\">Dosmiles de Guadarrama (A. Trece\u00f1o)<i class=\"ionicons ion-ios-download-outline\"><\/i><\/a><\/li>\n<\/ul>\n<\/li>\n<\/ul>\n<ul class=\"tabs-links\">\n<li><a href=\"https:\/\/pyrenaica.emf.eus\/wp-content\/uploads\/2022\/03\/gredospli.pdf\" target=\"_blank\" rel=\"noopener\">Dosmiles de Gredos (D. Pliego)<i class=\"ionicons ion-ios-download-outline\"><\/i><\/a><\/li>\n<li><a href=\"https:\/\/pyrenaica.emf.eus\/wp-content\/uploads\/2022\/03\/ayllon_pliego.pdf\" target=\"_blank\" rel=\"noopener\">Dosmiles de Ayll\u00f3n (D. Pliego)<i class=\"ionicons ion-ios-download-outline\"><\/i><\/a><\/li>\n<\/ul>\n<\/div>\n<div id=\"tab-mundo\" class=\"tab-pane fade\" role=\"tabpanel\" aria-labelledby=\"mundo-tab\">\n<h3>Mundo<\/h3>\n<ul class=\"tabs-links\">\n<li><a href=\"https:\/\/pyrenaica.emf.eus\/wp-content\/uploads\/2022\/03\/alpes4000.pdf\" target=\"_blank\" rel=\"noopener\">Cuatromiles de los Alpes<i class=\"ionicons ion-ios-download-outline\"><\/i><\/a><\/li>\n<li><a href=\"https:\/\/pyrenaica.emf.eus\/wp-content\/uploads\/2022\/03\/techosmundo.pdf\" target=\"_blank\" rel=\"noopener\">Los techos del mundo (2002)<i class=\"ionicons ion-ios-download-outline\"><\/i><\/a><\/li>\n<li><a href=\"https:\/\/pyrenaica.emf.eus\/wp-content\/uploads\/2022\/03\/himalaya8000.pdf\" target=\"_blank\" rel=\"noopener\">Ochomiles del Mundo<i class=\"ionicons ion-ios-download-outline\"><\/i><\/a><\/li>\n<li><a href=\"https:\/\/pyrenaica.emf.eus\/wp-content\/uploads\/2022\/03\/andes6500.pdf\" target=\"_blank\" rel=\"noopener\">Los 6500 de los Andes<i class=\"ionicons ion-ios-download-outline\"><\/i><\/a><\/li>\n<li><a href=\"https:\/\/pyrenaica.emf.eus\/wp-content\/uploads\/2022\/03\/mundukoprominentziak.pdf\" target=\"_blank\" rel=\"noopener\">Las cien monta\u00f1as m\u00e1s prominentes de la tierra<i class=\"ionicons ion-ios-download-outline\"><\/i><\/a><\/li>\n<li><a href=\"https:\/\/pyrenaica.emf.eus\/wp-content\/uploads\/2022\/03\/islas.pdf\" target=\"_blank\" rel=\"noopener\">Islas y Monta\u00f1as<i class=\"ionicons ion-ios-download-outline\"><\/i><\/a><\/li>\n<\/ul>\n<\/div>\n<\/div>\n<\/div>\n","protected":false},"excerpt":{"rendered":"<p>Pyrenaica quiere ofrecerte en este espacio una serie de listados de cimas que pueden servir como gu\u00eda para \u00abtachar\u00bb en el m\u00e1s sencillo sentido coleccionista, para conocer zonas geogr\u00e1ficas con una cierta exhaustividad, para elegir las cimas de inter\u00e9s en un determinado \u00e1mbito geogr\u00e1fico, etc. Los listados son el resultado del trabajo de investigaci\u00f3n de [&hellip;]<\/p>\n","protected":false},"author":1,"featured_media":0,"parent":0,"menu_order":0,"comment_status":"closed","ping_status":"closed","template":"","meta":{"_acf_changed":false,"footnotes":""},"class_list":["post-1257","page","type-page","status-publish","hentry"],"acf":[],"yoast_head":"<!-- This site is optimized with the Yoast SEO plugin v27.4 - https:\/\/yoast.com\/product\/yoast-seo-wordpress\/ -->\n<title>Tachamontesen Txokoa - Pyrenaica Aldizkaria<\/title>\n<meta name=\"robots\" content=\"index, follow, max-snippet:-1, max-image-preview:large, max-video-preview:-1\" \/>\n<link rel=\"canonical\" href=\"https:\/\/pyrenaica.emf.eus\/es\/el-rincon-del-tachamontes\/\" \/>\n<meta property=\"og:locale\" content=\"es_ES\" \/>\n<meta property=\"og:type\" content=\"article\" \/>\n<meta property=\"og:title\" content=\"Tachamontesen Txokoa - Pyrenaica Aldizkaria\" \/>\n<meta property=\"og:description\" content=\"Pyrenaica quiere ofrecerte en este espacio una serie de listados de cimas que pueden servir como gu\u00eda para \u00abtachar\u00bb en el m\u00e1s sencillo sentido coleccionista, para conocer zonas geogr\u00e1ficas con una cierta exhaustividad, para elegir las cimas de inter\u00e9s en un determinado \u00e1mbito geogr\u00e1fico, etc. Los listados son el resultado del trabajo de investigaci\u00f3n de [&hellip;]\" \/>\n<meta property=\"og:url\" content=\"https:\/\/pyrenaica.emf.eus\/es\/el-rincon-del-tachamontes\/\" \/>\n<meta property=\"og:site_name\" content=\"Pyrenaica Aldizkaria\" \/>\n<meta name=\"twitter:card\" content=\"summary_large_image\" \/>\n<meta name=\"twitter:label1\" content=\"Tiempo de lectura\" \/>\n\t<meta name=\"twitter:data1\" content=\"2 minutos\" \/>\n<script type=\"application\/ld+json\" class=\"yoast-schema-graph\">{\"@context\":\"https:\\\/\\\/schema.org\",\"@graph\":[{\"@type\":\"WebPage\",\"@id\":\"https:\\\/\\\/pyrenaica.emf.eus\\\/es\\\/el-rincon-del-tachamontes\\\/\",\"url\":\"https:\\\/\\\/pyrenaica.emf.eus\\\/es\\\/el-rincon-del-tachamontes\\\/\",\"name\":\"Tachamontesen Txokoa - Pyrenaica Aldizkaria\",\"isPartOf\":{\"@id\":\"https:\\\/\\\/pyrenaica.emf.eus\\\/es\\\/#website\"},\"datePublished\":\"2022-03-15T12:37:22+00:00\",\"breadcrumb\":{\"@id\":\"https:\\\/\\\/pyrenaica.emf.eus\\\/es\\\/el-rincon-del-tachamontes\\\/#breadcrumb\"},\"inLanguage\":\"es\",\"potentialAction\":[{\"@type\":\"ReadAction\",\"target\":[\"https:\\\/\\\/pyrenaica.emf.eus\\\/es\\\/el-rincon-del-tachamontes\\\/\"]}]},{\"@type\":\"BreadcrumbList\",\"@id\":\"https:\\\/\\\/pyrenaica.emf.eus\\\/es\\\/el-rincon-del-tachamontes\\\/#breadcrumb\",\"itemListElement\":[{\"@type\":\"ListItem\",\"position\":1,\"name\":\"Home\",\"item\":\"https:\\\/\\\/pyrenaica.emf.eus\\\/es\\\/\"},{\"@type\":\"ListItem\",\"position\":2,\"name\":\"Tachamontesen Txokoa\"}]},{\"@type\":\"WebSite\",\"@id\":\"https:\\\/\\\/pyrenaica.emf.eus\\\/es\\\/#website\",\"url\":\"https:\\\/\\\/pyrenaica.emf.eus\\\/es\\\/\",\"name\":\"Pyrenaica Aldizkaria\",\"description\":\"Euskal Mendizale Federazioa\",\"potentialAction\":[{\"@type\":\"SearchAction\",\"target\":{\"@type\":\"EntryPoint\",\"urlTemplate\":\"https:\\\/\\\/pyrenaica.emf.eus\\\/es\\\/?s={search_term_string}\"},\"query-input\":{\"@type\":\"PropertyValueSpecification\",\"valueRequired\":true,\"valueName\":\"search_term_string\"}}],\"inLanguage\":\"es\"}]}<\/script>\n<!-- \/ Yoast SEO plugin. -->","yoast_head_json":{"title":"Tachamontesen Txokoa - Pyrenaica Aldizkaria","robots":{"index":"index","follow":"follow","max-snippet":"max-snippet:-1","max-image-preview":"max-image-preview:large","max-video-preview":"max-video-preview:-1"},"canonical":"https:\/\/pyrenaica.emf.eus\/es\/el-rincon-del-tachamontes\/","og_locale":"es_ES","og_type":"article","og_title":"Tachamontesen Txokoa - Pyrenaica Aldizkaria","og_description":"Pyrenaica quiere ofrecerte en este espacio una serie de listados de cimas que pueden servir como gu\u00eda para \u00abtachar\u00bb en el m\u00e1s sencillo sentido coleccionista, para conocer zonas geogr\u00e1ficas con una cierta exhaustividad, para elegir las cimas de inter\u00e9s en un determinado \u00e1mbito geogr\u00e1fico, etc. Los listados son el resultado del trabajo de investigaci\u00f3n de [&hellip;]","og_url":"https:\/\/pyrenaica.emf.eus\/es\/el-rincon-del-tachamontes\/","og_site_name":"Pyrenaica Aldizkaria","twitter_card":"summary_large_image","twitter_misc":{"Tiempo de lectura":"2 minutos"},"schema":{"@context":"https:\/\/schema.org","@graph":[{"@type":"WebPage","@id":"https:\/\/pyrenaica.emf.eus\/es\/el-rincon-del-tachamontes\/","url":"https:\/\/pyrenaica.emf.eus\/es\/el-rincon-del-tachamontes\/","name":"Tachamontesen Txokoa - Pyrenaica Aldizkaria","isPartOf":{"@id":"https:\/\/pyrenaica.emf.eus\/es\/#website"},"datePublished":"2022-03-15T12:37:22+00:00","breadcrumb":{"@id":"https:\/\/pyrenaica.emf.eus\/es\/el-rincon-del-tachamontes\/#breadcrumb"},"inLanguage":"es","potentialAction":[{"@type":"ReadAction","target":["https:\/\/pyrenaica.emf.eus\/es\/el-rincon-del-tachamontes\/"]}]},{"@type":"BreadcrumbList","@id":"https:\/\/pyrenaica.emf.eus\/es\/el-rincon-del-tachamontes\/#breadcrumb","itemListElement":[{"@type":"ListItem","position":1,"name":"Home","item":"https:\/\/pyrenaica.emf.eus\/es\/"},{"@type":"ListItem","position":2,"name":"Tachamontesen Txokoa"}]},{"@type":"WebSite","@id":"https:\/\/pyrenaica.emf.eus\/es\/#website","url":"https:\/\/pyrenaica.emf.eus\/es\/","name":"Pyrenaica Aldizkaria","description":"Euskal Mendizale Federazioa","potentialAction":[{"@type":"SearchAction","target":{"@type":"EntryPoint","urlTemplate":"https:\/\/pyrenaica.emf.eus\/es\/?s={search_term_string}"},"query-input":{"@type":"PropertyValueSpecification","valueRequired":true,"valueName":"search_term_string"}}],"inLanguage":"es"}]}},"_links":{"self":[{"href":"https:\/\/pyrenaica.emf.eus\/es\/wp-json\/wp\/v2\/pages\/1257","targetHints":{"allow":["GET"]}}],"collection":[{"href":"https:\/\/pyrenaica.emf.eus\/es\/wp-json\/wp\/v2\/pages"}],"about":[{"href":"https:\/\/pyrenaica.emf.eus\/es\/wp-json\/wp\/v2\/types\/page"}],"author":[{"embeddable":true,"href":"https:\/\/pyrenaica.emf.eus\/es\/wp-json\/wp\/v2\/users\/1"}],"replies":[{"embeddable":true,"href":"https:\/\/pyrenaica.emf.eus\/es\/wp-json\/wp\/v2\/comments?post=1257"}],"version-history":[{"count":0,"href":"https:\/\/pyrenaica.emf.eus\/es\/wp-json\/wp\/v2\/pages\/1257\/revisions"}],"wp:attachment":[{"href":"https:\/\/pyrenaica.emf.eus\/es\/wp-json\/wp\/v2\/media?parent=1257"}],"curies":[{"name":"wp","href":"https:\/\/api.w.org\/{rel}","templated":true}]}}