{"id":119,"date":"2022-03-15T14:25:18","date_gmt":"2022-03-15T12:25:18","guid":{"rendered":"https:\/\/pyrenaica.emf.eus\/?page_id=119"},"modified":"2025-11-25T19:46:57","modified_gmt":"2025-11-25T17:46:57","slug":"sobre-nosotros","status":"publish","type":"page","link":"https:\/\/pyrenaica.emf.eus\/es\/sobre-nosotros\/","title":{"rendered":"Sobre nosotros"},"content":{"rendered":"<p><strong>Pyrenaica<\/strong> es la revista oficial de la Federaci\u00f3n Vasca de Monta\u00f1a, Euskal Mendizale Federazioa (EMF-FVM), Se edita trimestralmente y se distribuye entre todos los federados y federadas de la EMF-FVM. Adem\u00e1s se puede conseguir v\u00eda web, a trav\u00e9s de suscripci\u00f3n y en algunas tiendas especializadas. Sus contenidos se generan gracias a la colaboraci\u00f3n de monta\u00f1eros y monta\u00f1eras que env\u00edan a la revista el relato de sus actividades. Desde hace casi un siglo, la direcci\u00f3n, el equipo de redacci\u00f3n y cuantas personas escriben en Pyrenaica colaboran de forma desinteresada.<\/p>\n<blockquote>\n<h2>Consejo editorial<\/h2>\n<p><strong>Edita<\/strong>: Euskal Mendizale Federazioa &#8211; Federaci\u00f3n Vasca de Monta\u00f1a (EMF-FVM).<br \/>\n<strong>Presidente<\/strong>: Ricardo Hernani.<br \/>\n<strong>Director<\/strong>: Paulo Etxebarria.<br \/>\n<strong>Redacci\u00f3n<\/strong>: Bego\u00f1a Fern\u00e1ndez, Ioritz Gonz\u00e1lez, I\u00f1igo Santxo, Xabi Mujika, I\u00f1igo Jauregui, Iratxe Osoro.<\/p><\/blockquote>\n<p>&nbsp;<\/p>\n<p><strong>HISTORIA<\/strong><\/p>\n<p>La revista Pyrenaica comenz\u00f3 a publicarse en 1926, situ\u00e1ndose entre las revistas internacionales m\u00e1s antiguas del monta\u00f1ismo, tomando como referencia la brit\u00e1nica Alpine Journal (primera revista espec\u00edfica del mundo en 1863) y Pe\u00f1alara (primera publicaci\u00f3n espa\u00f1ola en 1913). \u00a1Pronto la revista cumplir\u00e1 100 a\u00f1os! Se publica trimestralmente, bas\u00e1ndose en las aportaciones voluntarias de los monta\u00f1eros. Actualmente se editan alrededor de 32.000 ejemplares trimestrales, distribuidos en aproximadamente 750 localidades de Bizkaia, Araba, Gipuzkoa y Nafarroa. Adem\u00e1s, se distribuye en 250 localidades de 16 pa\u00edses de Europa, Am\u00e9rica y Asia.<\/p>\n<p>Nacida en 1926, la continuidad de la publicaci\u00f3n de la revista Pyrenaica ha tenido una serie de vicisitudes hist\u00f3ricas que pueden clasificarse en 5 \u00e9pocas diferentes.<\/p>\n<p><strong>Primera \u00e9poca (1926-1930):<\/strong><br \/>\nLa primera \u00e9poca se define entre la fecha de su nacimiento y 1930. La frecuencia fue casi trimestral, salvo en 1930, a\u00f1o en el que se public\u00f3 un n\u00famero \u00fanico. Los n\u00fameros 1 y 3 de 1926 contaron con sendos anexos. Esta costumbre de publicar anexos continu\u00f3 tambi\u00e9n en los a\u00f1os 1927, 1928 y 1929. El primer director y promotor de Pyrenaica fue el bilba\u00edno Jos\u00e9 Ram\u00f3n Murga, quien tambi\u00e9n propuso el nombre de la revista. Posteriormente, a partir de 1928, fue dirigida por el bilba\u00edno Manuel de la Sota y Aburto.<\/p>\n<p>La editorial del primer n\u00famero dec\u00eda: <em>Pyrenaica, viene humildemente a recoger y guardar nuestras intimidades de la vida de monta\u00f1a. Ser\u00e1 esta revista como un relicario de nuestra santa devoci\u00f3n por el monte. Acaso sus p\u00e1ginas no lleguen a describir haza\u00f1as portentosas ni empresas deslumbrantes&#8230; No nos atrae lo espectacular. Pero cuando los a\u00f1os pasen, al hojear la colecci\u00f3n de Pyrenaica, sentiremos las m\u00e1s dulces evocaciones con el recuerdo de d\u00edas intensamente felices pasados en la monta\u00f1a \u00ablejos del mundanal ruido\u00bb. Pyrenaica sin pompas literarias, sencilla, como nuestras costumbres, ser\u00e1 la memoria colectiva que vayamos a escribir entre todos.<\/em><\/p>\n<p><strong>Segunda \u00e9poca (1935-1936):<\/strong><br \/>\nEn 1935 se reform\u00f3 la edici\u00f3n de la publicaci\u00f3n. El aspecto de las revistas de esta segunda \u00e9poca era m\u00e1s parecido a un diario y hab\u00eda m\u00e1s fotos. En 1935 se publicaron dos n\u00fameros, y en 1936 s\u00f3lo uno, y volvi\u00f3 a interrumpirse al estallar la Guerra Civil. El impulsor y director de esta segunda edici\u00f3n fue Francisco Mar\u00eda Labayen.<\/p>\n<p><strong>Tercera \u00e9poca (1951-1967):<\/strong><br \/>\nTras la guerra, hubo que esperar hasta 1951 para retomar la publicaci\u00f3n. Ten\u00eda el mismo tama\u00f1o que ten\u00eda antes, pero con un formato m\u00e1s adecuado para incluir fotograf\u00edas (en blanco y negro). En esta tercera \u00e9poca se publicaron cuatro ejemplares al a\u00f1o, sin continuidad num\u00e9rica (a\u00f1o tras a\u00f1o se utilizaban los n\u00fameros 1, 2, 3 y 4). Al parecer, la publicaci\u00f3n se relanz\u00f3 gracias al impulso y dedicaci\u00f3n de Jos\u00e9 Mar\u00eda Peci\u00f1a, pero su temprana muerte oblig\u00f3 a sustituir a la direcci\u00f3n, que pas\u00f3 a manos de Jos\u00e9 Uria, desde 1953 hasta 1967. Los boletines de 1955 y 1956 contaron con dos anexos. En 1967, s\u00f3lo se publicaron dos n\u00fameros, a ra\u00edz del suceso conocido como \u00abEl esc\u00e1ndalo de la ikurri\u00f1a\u00bb. A la vuelta de la expedici\u00f3n de los Andes Peruanos, la Federaci\u00f3n Vasca de Monta\u00f1a y sus organismos dependientes, entre ellos Pyrenaica, tuvieron que suspender sus actividades como entidad.<\/p>\n<p><strong>Cuarta \u00e9poca (1972-1980):<\/strong><br \/>\nAs\u00ed, pasaron cinco a\u00f1os hasta que, bajo la direcci\u00f3n de Casimiro Bengoetxea, un grupo de monta\u00f1eros vascos se organiz\u00f3 para retomar la publicaci\u00f3n. La cuarta \u00e9poca comenz\u00f3 con el segundo n\u00famero o trimestre de 1972. Se continu\u00f3 con la periodicidad trimestral, excepto el segundo y tercer n\u00famero de 1973 y el tercero y cuarto de 1978, que se entregaron conjuntamente en forma de ejemplares dobles. Con el cuarto ejemplar de 1975 se recuper\u00f3 la numeraci\u00f3n continua: es el 101 que adem\u00e1s comienza a utilizar, sobre todo es las portadas, la fotograf\u00eda en color. En 1979 Jes\u00fas Polo asumi\u00f3 la direcci\u00f3n de la revista.<\/p>\n<p><strong>Quinta \u00e9poca (1980-hasta la actualidad):<\/strong><br \/>\nEn 1980, sin interrumpir la publicaci\u00f3n, la quinta \u00e9poca de la revista comenz\u00f3 con el cambio de tama\u00f1o al formato actual. Ese primer a\u00f1o, cuando la expedici\u00f3n vasca conquist\u00f3 el Everest, dedic\u00f3 un doble n\u00famero a esta haza\u00f1a (120-121, 3 y 4 de 1980). De 1981 a 2015 Antonio Ortega fue el director de la revista. Ese a\u00f1o asumi\u00f3 la direcci\u00f3n Luisa Alonso &#8211; Cires, la primera mujer en ocupar ese cargo. Desde entonces, la continuidad ha sido rigurosa y constante y se ha venido publicando trimestralmente. A partir de 1988, el interior de la revista se imprime en color. En los \u00faltimos a\u00f1os se publica un monogr\u00e1fico anual sobre diferentes temas (excepto en 2023). Desde el 12 de marzo de 2022 al 22 de noviembre de 2025 Iv\u00e1n Ruiz toma el mando de la revista. Actualmente es Paulo Etxeberria el director de Pyrenaica.<\/p>\n","protected":false},"excerpt":{"rendered":"<p>Pyrenaica es la revista oficial de la Federaci\u00f3n Vasca de Monta\u00f1a, Euskal Mendizale Federazioa (EMF-FVM), Se edita trimestralmente y se distribuye entre todos los federados y federadas de la EMF-FVM. Adem\u00e1s se puede conseguir v\u00eda web, a trav\u00e9s de suscripci\u00f3n y en algunas tiendas especializadas. Sus contenidos se generan gracias a la colaboraci\u00f3n de monta\u00f1eros [&hellip;]<\/p>\n","protected":false},"author":1,"featured_media":0,"parent":0,"menu_order":0,"comment_status":"closed","ping_status":"closed","template":"template-nosotros.php","meta":{"_acf_changed":false,"footnotes":""},"class_list":["post-119","page","type-page","status-publish","hentry"],"acf":[],"yoast_head":"<!-- This site is optimized with the Yoast SEO plugin v27.4 - https:\/\/yoast.com\/product\/yoast-seo-wordpress\/ -->\n<title>Somos Pyrenaica.com - Revista oficial de la Federaci\u00f3n Vasca de Monta\u00f1a<\/title>\n<meta name=\"description\" content=\"La revista se edita trimestralmente. Sus contenidos se generan gracias a la colaboraci\u00f3n de monta\u00f1er@s que env\u00edan relatos de sus actividades.\" \/>\n<meta name=\"robots\" content=\"index, follow, max-snippet:-1, max-image-preview:large, max-video-preview:-1\" \/>\n<link rel=\"canonical\" href=\"https:\/\/pyrenaica.emf.eus\/es\/sobre-nosotros\/\" \/>\n<meta property=\"og:locale\" content=\"es_ES\" \/>\n<meta property=\"og:type\" content=\"article\" \/>\n<meta property=\"og:title\" content=\"Somos Pyrenaica.com - Revista oficial de la Federaci\u00f3n Vasca de Monta\u00f1a\" \/>\n<meta property=\"og:description\" content=\"La revista se edita trimestralmente. Sus contenidos se generan gracias a la colaboraci\u00f3n de monta\u00f1er@s que env\u00edan relatos de sus actividades.\" \/>\n<meta property=\"og:url\" content=\"https:\/\/pyrenaica.emf.eus\/es\/sobre-nosotros\/\" \/>\n<meta property=\"og:site_name\" content=\"Pyrenaica Aldizkaria\" \/>\n<meta property=\"article:modified_time\" content=\"2025-11-25T17:46:57+00:00\" \/>\n<meta name=\"twitter:card\" content=\"summary_large_image\" \/>\n<meta name=\"twitter:label1\" content=\"Tiempo de lectura\" \/>\n\t<meta name=\"twitter:data1\" content=\"1 minuto\" \/>\n<script type=\"application\/ld+json\" class=\"yoast-schema-graph\">{\"@context\":\"https:\\\/\\\/schema.org\",\"@graph\":[{\"@type\":\"WebPage\",\"@id\":\"https:\\\/\\\/pyrenaica.emf.eus\\\/es\\\/sobre-nosotros\\\/\",\"url\":\"https:\\\/\\\/pyrenaica.emf.eus\\\/es\\\/sobre-nosotros\\\/\",\"name\":\"Somos Pyrenaica.com - Revista oficial de la Federaci\u00f3n Vasca de Monta\u00f1a\",\"isPartOf\":{\"@id\":\"https:\\\/\\\/pyrenaica.emf.eus\\\/es\\\/#website\"},\"datePublished\":\"2022-03-15T12:25:18+00:00\",\"dateModified\":\"2025-11-25T17:46:57+00:00\",\"description\":\"La revista se edita trimestralmente. Sus contenidos se generan gracias a la colaboraci\u00f3n de monta\u00f1er@s que env\u00edan relatos de sus actividades.\",\"breadcrumb\":{\"@id\":\"https:\\\/\\\/pyrenaica.emf.eus\\\/es\\\/sobre-nosotros\\\/#breadcrumb\"},\"inLanguage\":\"es\",\"potentialAction\":[{\"@type\":\"ReadAction\",\"target\":[\"https:\\\/\\\/pyrenaica.emf.eus\\\/es\\\/sobre-nosotros\\\/\"]}]},{\"@type\":\"BreadcrumbList\",\"@id\":\"https:\\\/\\\/pyrenaica.emf.eus\\\/es\\\/sobre-nosotros\\\/#breadcrumb\",\"itemListElement\":[{\"@type\":\"ListItem\",\"position\":1,\"name\":\"Home\",\"item\":\"https:\\\/\\\/pyrenaica.emf.eus\\\/es\\\/\"},{\"@type\":\"ListItem\",\"position\":2,\"name\":\"Sobre nosotros\"}]},{\"@type\":\"WebSite\",\"@id\":\"https:\\\/\\\/pyrenaica.emf.eus\\\/es\\\/#website\",\"url\":\"https:\\\/\\\/pyrenaica.emf.eus\\\/es\\\/\",\"name\":\"Pyrenaica Aldizkaria\",\"description\":\"Euskal Mendizale Federazioa\",\"potentialAction\":[{\"@type\":\"SearchAction\",\"target\":{\"@type\":\"EntryPoint\",\"urlTemplate\":\"https:\\\/\\\/pyrenaica.emf.eus\\\/es\\\/?s={search_term_string}\"},\"query-input\":{\"@type\":\"PropertyValueSpecification\",\"valueRequired\":true,\"valueName\":\"search_term_string\"}}],\"inLanguage\":\"es\"}]}<\/script>\n<!-- \/ Yoast SEO plugin. -->","yoast_head_json":{"title":"Somos Pyrenaica.com - Revista oficial de la Federaci\u00f3n Vasca de Monta\u00f1a","description":"La revista se edita trimestralmente. Sus contenidos se generan gracias a la colaboraci\u00f3n de monta\u00f1er@s que env\u00edan relatos de sus actividades.","robots":{"index":"index","follow":"follow","max-snippet":"max-snippet:-1","max-image-preview":"max-image-preview:large","max-video-preview":"max-video-preview:-1"},"canonical":"https:\/\/pyrenaica.emf.eus\/es\/sobre-nosotros\/","og_locale":"es_ES","og_type":"article","og_title":"Somos Pyrenaica.com - Revista oficial de la Federaci\u00f3n Vasca de Monta\u00f1a","og_description":"La revista se edita trimestralmente. Sus contenidos se generan gracias a la colaboraci\u00f3n de monta\u00f1er@s que env\u00edan relatos de sus actividades.","og_url":"https:\/\/pyrenaica.emf.eus\/es\/sobre-nosotros\/","og_site_name":"Pyrenaica Aldizkaria","article_modified_time":"2025-11-25T17:46:57+00:00","twitter_card":"summary_large_image","twitter_misc":{"Tiempo de lectura":"1 minuto"},"schema":{"@context":"https:\/\/schema.org","@graph":[{"@type":"WebPage","@id":"https:\/\/pyrenaica.emf.eus\/es\/sobre-nosotros\/","url":"https:\/\/pyrenaica.emf.eus\/es\/sobre-nosotros\/","name":"Somos Pyrenaica.com - Revista oficial de la Federaci\u00f3n Vasca de Monta\u00f1a","isPartOf":{"@id":"https:\/\/pyrenaica.emf.eus\/es\/#website"},"datePublished":"2022-03-15T12:25:18+00:00","dateModified":"2025-11-25T17:46:57+00:00","description":"La revista se edita trimestralmente. Sus contenidos se generan gracias a la colaboraci\u00f3n de monta\u00f1er@s que env\u00edan relatos de sus actividades.","breadcrumb":{"@id":"https:\/\/pyrenaica.emf.eus\/es\/sobre-nosotros\/#breadcrumb"},"inLanguage":"es","potentialAction":[{"@type":"ReadAction","target":["https:\/\/pyrenaica.emf.eus\/es\/sobre-nosotros\/"]}]},{"@type":"BreadcrumbList","@id":"https:\/\/pyrenaica.emf.eus\/es\/sobre-nosotros\/#breadcrumb","itemListElement":[{"@type":"ListItem","position":1,"name":"Home","item":"https:\/\/pyrenaica.emf.eus\/es\/"},{"@type":"ListItem","position":2,"name":"Sobre nosotros"}]},{"@type":"WebSite","@id":"https:\/\/pyrenaica.emf.eus\/es\/#website","url":"https:\/\/pyrenaica.emf.eus\/es\/","name":"Pyrenaica Aldizkaria","description":"Euskal Mendizale Federazioa","potentialAction":[{"@type":"SearchAction","target":{"@type":"EntryPoint","urlTemplate":"https:\/\/pyrenaica.emf.eus\/es\/?s={search_term_string}"},"query-input":{"@type":"PropertyValueSpecification","valueRequired":true,"valueName":"search_term_string"}}],"inLanguage":"es"}]}},"_links":{"self":[{"href":"https:\/\/pyrenaica.emf.eus\/es\/wp-json\/wp\/v2\/pages\/119","targetHints":{"allow":["GET"]}}],"collection":[{"href":"https:\/\/pyrenaica.emf.eus\/es\/wp-json\/wp\/v2\/pages"}],"about":[{"href":"https:\/\/pyrenaica.emf.eus\/es\/wp-json\/wp\/v2\/types\/page"}],"author":[{"embeddable":true,"href":"https:\/\/pyrenaica.emf.eus\/es\/wp-json\/wp\/v2\/users\/1"}],"replies":[{"embeddable":true,"href":"https:\/\/pyrenaica.emf.eus\/es\/wp-json\/wp\/v2\/comments?post=119"}],"version-history":[{"count":15,"href":"https:\/\/pyrenaica.emf.eus\/es\/wp-json\/wp\/v2\/pages\/119\/revisions"}],"predecessor-version":[{"id":2105,"href":"https:\/\/pyrenaica.emf.eus\/es\/wp-json\/wp\/v2\/pages\/119\/revisions\/2105"}],"wp:attachment":[{"href":"https:\/\/pyrenaica.emf.eus\/es\/wp-json\/wp\/v2\/media?parent=119"}],"curies":[{"name":"wp","href":"https:\/\/api.w.org\/{rel}","templated":true}]}}